{"id":458,"date":"2019-09-05T16:23:27","date_gmt":"2019-09-05T14:23:27","guid":{"rendered":"http:\/\/wordpress.kita-wichernhaus.de\/?page_id=458"},"modified":"2025-03-18T12:51:52","modified_gmt":"2025-03-18T11:51:52","slug":"impressum","status":"publish","type":"page","link":"https:\/\/www.kita-wichernhaus.de\/?page_id=458","title":{"rendered":"Impressum"},"content":{"rendered":"\n<h2 class=\"wp-block-heading\">Tr\u00e4ger der Einrichtung:<\/h2>\n\n\n\n<p><strong>Evangelische Kirchengemeinde Milspe-R\u00fcggeberg <br><br><\/strong>Evangelische Kirchengemeinde Milspe-R\u00fcggeberg<br>Kirchstr. 44<br>58256 Ennepetal<br><br><strong>Telefon Gemeindeb\u00fcro:<\/strong> 0 23 33 \/ 83 35 \u201310<br><strong>E-Mail:<\/strong> sch-kg-milspe(at)kk-ekvw.de<strong><br>Internet:<\/strong> <a rel=\"noreferrer noopener\" href=\"http:\/\/www.ev-kirche-milspe-rueggeberg.de\" target=\"_blank\">www.ev-kirche-milspe-rueggeberg.de<\/a><\/p>\n\n\n\n<p>Die Evangelische Kirchengemeinde Milspe-R\u00fcggeberg ist eine K\u00f6rperschaft des \u00f6ffentlichen Rechts und wird vertreten durch den<strong><br><br>Vorsitzenden des Presbyteriums:<\/strong><br>Michael Schmidt<br>Telefon: 0 23 33 \/ 72651<br>E-Mail: m.schmidt(at)ev-kirche-milspe-rueggeberg.de<br><br>Inhaltlich  verantwortlich nach \u00a7 5 Telemediengesetz (TMG) und \u00a7 55 Staatsvertrag  \u00fcber Rundfunk und Telemedien (RStV): Der Vorsitzende des Presbyteriums  (siehe oben).<br><br>und<br><br><strong>Leitung der Einrichtung<\/strong><br>Frau Enja K\u00fclpmann<br>Birkenstr. 9<br>58256 Ennepetal<br><br>Die  Evangelische Kirchengemeinde Milspe in Ennepetal geh\u00f6rt der  Evangelischen Kirche von Westfalen:<br><br>Landeskirchenamt<br>Altst\u00e4dter  Kirchplatz 5<br>33602 Bielefeld<br><a rel=\"noreferrer noopener\" href=\"http:\/\/www.ekvw.de\" target=\"_blank\">www.ekvw.de <\/a><br><br>an.<\/p>\n\n\n\n<hr class=\"wp-block-separator\"\/>\n\n\n\n<h2 class=\"wp-block-heading\">Die Einrichtung:<\/h2>\n\n\n\n<p><strong>Ev. Kindertageseinrichtung <br>Wichernhaus in Ennepetal <\/strong><br><br>Leitung: Frau Enja K\u00fclpmann<br>Birkenstr. 9<br>58256 Ennepetal<br><br>Tel.: 0 23 33 &#8211; 7 00 49 <br>Email: office@kita-wichernhaus.de <br>Internet: www.kita-wichernhaus.de<br><\/p>\n\n\n\n<hr class=\"wp-block-separator\"\/>\n\n\n\n<p><br><strong>Rechtliche Hinweise<\/strong><br>Alle  Angaben unseres Internetangebotes wurden sorgf\u00e4ltig gepr\u00fcft. Wir  bem\u00fchen uns, dieses Informationsangebot aktuell und inhaltlich richtig  sowie vollst\u00e4ndig anzubieten. Dennoch ist das Auftreten von Fehlern  nicht v\u00f6llig auszuschlie\u00dfen. Eine Garantie f\u00fcr die Vollst\u00e4ndigkeit,  Richtigkeit und letzte Aktualit\u00e4t kann daher nicht \u00fcbernommen werden.<br>Der  Herausgeber kann diese Website nach eigenem Ermessen jederzeit ohne  Ank\u00fcndigung ver\u00e4ndern und \/ oder deren Betrieb einstellen. Er ist nicht  verpflichtet, Inhalte dieser Website zu aktualisieren.<br>Der Zugang  und die Benutzung dieser Website geschieht auf eigene Gefahr des  Benutzers. Die Evangelische Kirchengemeinde Milspe-R\u00fcggeberg ist nicht  verantwortlich und \u00fcbernimmt keinerlei Haftung f\u00fcr Sch\u00e4den, u. a. f\u00fcr  direkte, indirekte, zuf\u00e4llige, vorab konkret zu bestimmende oder  Folgesch\u00e4den, die angeblich durch den oder in Verbindung mit dem Zugang  und\/oder der Benutzung dieser Website aufgetreten sind.<br>Unser  Web-Angebot enth\u00e4lt Links zu anderen Websites. Wir \u00fcbernehmen keine  Verantwortung f\u00fcr die Inhalte und die Verf\u00fcgbarkeit von Websites  Dritter, die \u00fcber externe Links dieses Informationsangebotes erreicht  werden. Es wird hiermit erkl\u00e4rt, dass zum Zeitpunkt der Linksetzung  keine illegalen Inhalte auf den zu verlinkenden Seiten erkennbar waren.  Auf die aktuelle und zuk\u00fcnftige Gestaltung, die Inhalte oder die  Urheberschaft der verlinkten Seiten sowie auf die Einhaltung der  Datenschutzbestimmungen haben wir keinerlei Einfluss.<br>Der Herausgeber  distanziert sich ausdr\u00fccklich von allen Inhalten, die m\u00f6glicherweise  straf- oder haftungsrechtlich relevant sind oder gegen die guten Sitten  versto\u00dfen. F\u00fcr illegale, fehlerhafte oder unvollst\u00e4ndige Inhalte und  f\u00fcr Sch\u00e4den, die aus der Nutzung oder Nichtnutzung anderer Websites  entstehen, haftet allein der Anbieter der Seite, auf welche verwiesen  wurde. <br><br><strong>Urheber- und Leistungsschutzrechte<\/strong><br>Die auf  dieser Website ver\u00f6ffentlichten Inhalte unterliegen dem deutschen  Urheber- und Leistungsschutzrecht. Jede vom deutschen Urheber- und  Leistungsschutzrecht nicht zugelassene Verwertung bedarf der vorherigen  schriftlichen Zustimmung des Anbieters oder jeweiligen Rechteinhabers.  Dies gilt insbesondere f\u00fcr Vervielf\u00e4ltigung, Bearbeitung, \u00dcbersetzung,  Einspeicherung, Verarbeitung bzw. Wiedergabe von Inhalten in Datenbanken  oder anderen elektronischen Medien und Systemen. Inhalte und Rechte  Dritter sind dabei als solche gekennzeichnet. Die unerlaubte  Vervielf\u00e4ltigung oder Weitergabe einzelner Inhalte oder kompletter  Seiten ist nicht gestattet und strafbar. Lediglich die Herstellung von  Kopien und Downloads f\u00fcr den pers\u00f6nlichen, privaten und nicht  kommerziellen Gebrauch ist erlaubt. <br><br><strong>Technischer Betreiber <\/strong><br><br>der  Internet-Onlineversion ist die Firma Strato AG, Pascalstra\u00dfe 10, 10587  Berlin, Tel: 01805-055-055 (0,14 \u20ac\/Min aus dem deutschen Festnetz) <br><br><a rel=\"noreferrer noopener\" href=\"http:\/\/www.strato.de\" target=\"_blank\">Webseite: www.strato.de hier klicken<\/a><br><br><a rel=\"noreferrer noopener\" href=\"http:\/\/www.strato.de\/kontakt\/\" target=\"_blank\">Kontaktionformationen und Emailcenter Strato hier klicken<\/a><br><\/p>\n\n\n\n<hr class=\"wp-block-separator\"\/>\n\n\n\n<p><strong>Design und Gestaltung:<\/strong><br><a href=\"http:\/\/www.fragpatrik.de\">fragpatrik <\/a>&#8211; IT-Dienstleistung und Beratung<\/p>\n\n\n\n<p><a href=\"https:\/\/www.kita-wichernhaus.de\/datenschutz.php\">Datenschutzerkl\u00e4rung<\/a><\/p>\n","protected":false},"excerpt":{"rendered":"<p>Tr\u00e4ger der Einrichtung: Evangelische Kirchengemeinde Milspe-R\u00fcggeberg Evangelische Kirchengemeinde Milspe-R\u00fcggebergKirchstr. 4458256 Ennepetal Telefon Gemeindeb\u00fcro: 0 23 33 \/ 83 35 \u201310E-Mail: sch-kg-milspe(at)kk-ekvw.deInternet: www.ev-kirche-milspe-rueggeberg.de Die Evangelische Kirchengemeinde Milspe-R\u00fcggeberg ist eine K\u00f6rperschaft des \u00f6ffentlichen Rechts und wird vertreten durch den Vorsitzenden des Presbyteriums:Michael SchmidtTelefon: 0 23 33 \/ 72651E-Mail: m.schmidt(at)ev-kirche-milspe-rueggeberg.de Inhaltlich verantwortlich nach \u00a7 5 Telemediengesetz (TMG) und &hellip; <a href=\"https:\/\/www.kita-wichernhaus.de\/?page_id=458\" class=\"more-link\"><span class=\"screen-reader-text\">\u201eImpressum\u201c <\/span>weiterlesen<\/a><\/p>\n","protected":false},"author":1,"featured_media":0,"parent":0,"menu_order":99,"comment_status":"closed","ping_status":"closed","template":"","meta":{"footnotes":""},"class_list":["post-458","page","type-page","status-publish","hentry"],"_links":{"self":[{"href":"https:\/\/www.kita-wichernhaus.de\/index.php?rest_route=\/wp\/v2\/pages\/458","targetHints":{"allow":["GET"]}}],"collection":[{"href":"https:\/\/www.kita-wichernhaus.de\/index.php?rest_route=\/wp\/v2\/pages"}],"about":[{"href":"https:\/\/www.kita-wichernhaus.de\/index.php?rest_route=\/wp\/v2\/types\/page"}],"author":[{"embeddable":true,"href":"https:\/\/www.kita-wichernhaus.de\/index.php?rest_route=\/wp\/v2\/users\/1"}],"replies":[{"embeddable":true,"href":"https:\/\/www.kita-wichernhaus.de\/index.php?rest_route=%2Fwp%2Fv2%2Fcomments&post=458"}],"version-history":[{"count":4,"href":"https:\/\/www.kita-wichernhaus.de\/index.php?rest_route=\/wp\/v2\/pages\/458\/revisions"}],"predecessor-version":[{"id":1793,"href":"https:\/\/www.kita-wichernhaus.de\/index.php?rest_route=\/wp\/v2\/pages\/458\/revisions\/1793"}],"wp:attachment":[{"href":"https:\/\/www.kita-wichernhaus.de\/index.php?rest_route=%2Fwp%2Fv2%2Fmedia&parent=458"}],"curies":[{"name":"wp","href":"https:\/\/api.w.org\/{rel}","templated":true}]}}