{"id":33,"date":"2019-09-04T16:15:24","date_gmt":"2019-09-04T14:15:24","guid":{"rendered":"http:\/\/wordpress.kita-wichernhaus.de\/?page_id=33"},"modified":"2025-03-18T13:11:07","modified_gmt":"2025-03-18T12:11:07","slug":"elterninformation","status":"publish","type":"page","link":"https:\/\/www.kita-wichernhaus.de\/?page_id=33","title":{"rendered":"Elterninformation"},"content":{"rendered":"\n<h4 class=\"wp-block-heading\">Der Mittelpunkt unserer Arbeit: Ihr Kind!<\/h4>\n\n\n\n<figure class=\"wp-block-image size-full\"><img loading=\"lazy\" decoding=\"async\" width=\"826\" height=\"550\" src=\"https:\/\/www.kita-wichernhaus.de\/wp-content\/uploads\/2019\/09\/ilelt-mittelpunkt_lbb.jpg\" alt=\"\" class=\"wp-image-1025\" srcset=\"https:\/\/www.kita-wichernhaus.de\/wp-content\/uploads\/2019\/09\/ilelt-mittelpunkt_lbb.jpg 826w, https:\/\/www.kita-wichernhaus.de\/wp-content\/uploads\/2019\/09\/ilelt-mittelpunkt_lbb-300x200.jpg 300w, https:\/\/www.kita-wichernhaus.de\/wp-content\/uploads\/2019\/09\/ilelt-mittelpunkt_lbb-768x511.jpg 768w\" sizes=\"auto, (max-width: 826px) 85vw, 826px\" \/><\/figure>\n\n\n\n<p><strong><em>Sechs Punkte, die uns wichtig sind:<\/em><\/strong><\/p>\n\n\n\n<ul class=\"wp-block-list\"><li>\nWir nehmen Ihr Kind mit seinen W\u00fcnschen und \u00c4ngsten ernst und begegnen Ihm <strong>zuverl\u00e4ssig und unterst\u00fctzend.<\/strong><\/li><li>\nEine <strong>Atmosph\u00e4re<\/strong>, in der sich unsere Kinder entspannt und wohl f\u00fchlen.<\/li><li>\nVermittlung von sozial-emotionalen <strong>Werten <\/strong>(Hilfsbereitschaft, einander vertrauen, respektvoller Umgang, einander verzeihen k\u00f6nnen&#8230;)<\/li><li>\nSpielerische, aber auch emotionale Auseinandersetzung mit <strong>christlichen Traditionen.<\/strong><\/li><li>Bewusstsein und das <strong>Verst\u00e4ndnis<\/strong> f\u00fcr die Situation Anderer entwickeln.<\/li><li>\n<strong>Vertrauensvoller Austausch<\/strong> zwischen Eltern und Erzieherinnen als Bereicherung der Arbeit f\u00fcr und mit dem Kind.<\/li><\/ul>\n\n\n\n<div class=\"wp-block-image\"><figure class=\"aligncenter size-full\"><img loading=\"lazy\" decoding=\"async\" width=\"824\" height=\"550\" src=\"https:\/\/www.kita-wichernhaus.de\/wp-content\/uploads\/2019\/09\/ielt-mittelpunkt2_lbb.jpg\" alt=\"\" class=\"wp-image-1027\" srcset=\"https:\/\/www.kita-wichernhaus.de\/wp-content\/uploads\/2019\/09\/ielt-mittelpunkt2_lbb.jpg 824w, https:\/\/www.kita-wichernhaus.de\/wp-content\/uploads\/2019\/09\/ielt-mittelpunkt2_lbb-300x200.jpg 300w, https:\/\/www.kita-wichernhaus.de\/wp-content\/uploads\/2019\/09\/ielt-mittelpunkt2_lbb-768x513.jpg 768w\" sizes=\"auto, (max-width: 824px) 85vw, 824px\" \/><\/figure><\/div>\n\n\n\n<h4 class=\"wp-block-heading\">Der Einstieg in den Kindergartenalltag<\/h4>\n\n\n\n<p>Diese neue Zeit sollten Sie ganz bewusst mit Ihrem Kind \nvorbereiten. Erz\u00e4hlen Sie ihm vom Kindergarten, zeigen ihm schon vorher \ndas Geb\u00e4ude und Gel\u00e4nde. Eine einf\u00fchlsame Vorbereitung, aber auch \nkonsequentes Bewusstmachen des bevorstehenden Kindergarten-Startes macht\n es Ihrem Kind leichter, den ersten Tag offener anzugehen. Bevor der \nKindergarten f\u00fcr Ihr Kind beginnt, finden bei uns vier \nKennenlern-Nachmittage statt.<\/p>\n","protected":false},"excerpt":{"rendered":"<p>Der Mittelpunkt unserer Arbeit: Ihr Kind! Sechs Punkte, die uns wichtig sind: Wir nehmen Ihr Kind mit seinen W\u00fcnschen und \u00c4ngsten ernst und begegnen Ihm zuverl\u00e4ssig und unterst\u00fctzend. Eine Atmosph\u00e4re, in der sich unsere Kinder entspannt und wohl f\u00fchlen. Vermittlung von sozial-emotionalen Werten (Hilfsbereitschaft, einander vertrauen, respektvoller Umgang, einander verzeihen k\u00f6nnen&#8230;) Spielerische, aber auch emotionale &hellip; <a href=\"https:\/\/www.kita-wichernhaus.de\/?page_id=33\" class=\"more-link\"><span class=\"screen-reader-text\">\u201eElterninformation\u201c <\/span>weiterlesen<\/a><\/p>\n","protected":false},"author":1,"featured_media":0,"parent":0,"menu_order":5,"comment_status":"closed","ping_status":"closed","template":"","meta":{"footnotes":""},"class_list":["post-33","page","type-page","status-publish","hentry"],"_links":{"self":[{"href":"https:\/\/www.kita-wichernhaus.de\/index.php?rest_route=\/wp\/v2\/pages\/33","targetHints":{"allow":["GET"]}}],"collection":[{"href":"https:\/\/www.kita-wichernhaus.de\/index.php?rest_route=\/wp\/v2\/pages"}],"about":[{"href":"https:\/\/www.kita-wichernhaus.de\/index.php?rest_route=\/wp\/v2\/types\/page"}],"author":[{"embeddable":true,"href":"https:\/\/www.kita-wichernhaus.de\/index.php?rest_route=\/wp\/v2\/users\/1"}],"replies":[{"embeddable":true,"href":"https:\/\/www.kita-wichernhaus.de\/index.php?rest_route=%2Fwp%2Fv2%2Fcomments&post=33"}],"version-history":[{"count":5,"href":"https:\/\/www.kita-wichernhaus.de\/index.php?rest_route=\/wp\/v2\/pages\/33\/revisions"}],"predecessor-version":[{"id":1804,"href":"https:\/\/www.kita-wichernhaus.de\/index.php?rest_route=\/wp\/v2\/pages\/33\/revisions\/1804"}],"wp:attachment":[{"href":"https:\/\/www.kita-wichernhaus.de\/index.php?rest_route=%2Fwp%2Fv2%2Fmedia&parent=33"}],"curies":[{"name":"wp","href":"https:\/\/api.w.org\/{rel}","templated":true}]}}