{"id":27,"date":"2019-09-04T16:14:14","date_gmt":"2019-09-04T14:14:14","guid":{"rendered":"http:\/\/wordpress.kita-wichernhaus.de\/?page_id=27"},"modified":"2025-03-18T12:15:59","modified_gmt":"2025-03-18T11:15:59","slug":"kontakt","status":"publish","type":"page","link":"https:\/\/www.kita-wichernhaus.de\/?page_id=27","title":{"rendered":"Kontakt"},"content":{"rendered":"\n<p><strong>F\u00fcr alle Fragen stehen wir Ihnen jederzeit gern zur Verf\u00fcgung. Wir freuen uns auf Ihren Anruf!<\/strong><\/p>\n\n\n\n<p><strong>Ev. Kindertageseinrichtung Wichernhaus <br><\/strong>Ansprechpartnerin: Frau Enja K\u00fclpmann<br>Birkenstr. 9<br>58256 Ennepetal<\/p>\n\n\n\n<p>Tel.: 0 23 33 &#8211; 7 00 49 <br>Email: <a rel=\"noreferrer noopener\" href=\"mailto:office@kita-wichernhaus.de\" target=\"_blank\">office@kita-wichernhaus.de<\/a><\/p>\n\n\n\n<hr class=\"wp-block-separator is-style-wide\"\/>\n","protected":false},"excerpt":{"rendered":"<p>F\u00fcr alle Fragen stehen wir Ihnen jederzeit gern zur Verf\u00fcgung. Wir freuen uns auf Ihren Anruf! Ev. Kindertageseinrichtung Wichernhaus Ansprechpartnerin: Frau Enja K\u00fclpmannBirkenstr. 958256 Ennepetal Tel.: 0 23 33 &#8211; 7 00 49 Email: office@kita-wichernhaus.de<\/p>\n","protected":false},"author":1,"featured_media":0,"parent":0,"menu_order":7,"comment_status":"closed","ping_status":"closed","template":"","meta":{"footnotes":""},"class_list":["post-27","page","type-page","status-publish","hentry"],"_links":{"self":[{"href":"https:\/\/www.kita-wichernhaus.de\/index.php?rest_route=\/wp\/v2\/pages\/27","targetHints":{"allow":["GET"]}}],"collection":[{"href":"https:\/\/www.kita-wichernhaus.de\/index.php?rest_route=\/wp\/v2\/pages"}],"about":[{"href":"https:\/\/www.kita-wichernhaus.de\/index.php?rest_route=\/wp\/v2\/types\/page"}],"author":[{"embeddable":true,"href":"https:\/\/www.kita-wichernhaus.de\/index.php?rest_route=\/wp\/v2\/users\/1"}],"replies":[{"embeddable":true,"href":"https:\/\/www.kita-wichernhaus.de\/index.php?rest_route=%2Fwp%2Fv2%2Fcomments&post=27"}],"version-history":[{"count":8,"href":"https:\/\/www.kita-wichernhaus.de\/index.php?rest_route=\/wp\/v2\/pages\/27\/revisions"}],"predecessor-version":[{"id":1766,"href":"https:\/\/www.kita-wichernhaus.de\/index.php?rest_route=\/wp\/v2\/pages\/27\/revisions\/1766"}],"wp:attachment":[{"href":"https:\/\/www.kita-wichernhaus.de\/index.php?rest_route=%2Fwp%2Fv2%2Fmedia&parent=27"}],"curies":[{"name":"wp","href":"https:\/\/api.w.org\/{rel}","templated":true}]}}