{"id":20,"date":"2019-09-04T16:14:14","date_gmt":"2019-09-04T16:14:14","guid":{"rendered":"http:\/\/wordpress.kita-wichernhaus.de\/?page_id=20"},"modified":"2025-03-20T13:45:53","modified_gmt":"2025-03-20T12:45:53","slug":"was-uns-wichtig-ist","status":"publish","type":"page","link":"https:\/\/www.kita-wichernhaus.de\/?page_id=20","title":{"rendered":"Was uns wichtig ist"},"content":{"rendered":"\n<h1 class=\"wp-block-heading\">Unsere Gruppen \u2013 hier werden alle gro\u00df!<\/h1>\n\n\n\n<p><strong>Mit Beginn der U3-Betreuung haben wir uns vor einigen  Jahren dazu entschieden, die im Kibiz vorgesehenen altersgemischten Gruppen von 2 Jahren bis zum Schulanfang aufzul\u00f6sen und altershomogene Gruppen zu bilden.<\/strong><br><br>In der kleinen Gruppe \u2013 der B\u00e4rengruppe &#8211;  geht es vorrangig um die gelingende Losl\u00f6sung von den Eltern und die  Eingew\u00f6hnung in die Gruppe. Die Kinder lernen die bestehenden Gruppenregeln kennen und verinnerlichen mit der Zeit gewohnte Abl\u00e4ufe und Rituale. Angebote und Aktionen finden hier sehr nah am Kind mit individueller Unterst\u00fctzung statt. Wir f\u00f6rdern Basisfertigkeiten wie  z.B. schneiden, puzzeln, kleben und konstruieren und nat\u00fcrlich Sprache.<\/p>\n\n\n\n<p>F\u00fcr die Gro\u00dfen schafft das Team der Tigergruppe Situationen und Gegebenheiten, die die Kinder einf\u00fchlsam zu selbst\u00e4ndigem Arbeiten und eigenst\u00e4ndigem Lernen &#8211; unerl\u00e4ssliche Voraussetzungen f\u00fcr die Schule &#8211; anregen. Der Wechsel in die Tigergruppe  findet nach 1 oder 2 Jahren statt. Unser Team ist in regelm\u00e4\u00dfigem Austausch \u00fcber alle Kinder. Kontakte bestehen durch gruppen\u00fcbergreifende  Aktionen zwischen allen Erzieherinnen und Kindern. Der Wechsel in die Tigergruppe wird etwa 3-4 Monate vorher behutsam begonnen, indem die B\u00e4ren in die Tigergruppe eingeladen werden.<br><br>Zum  endg\u00fcltigen \u00dcbergang wird ganz bewusst ein &#8222;Umzugs-Tag&#8220; gestaltet: Mit Abschied aus der einen Gruppe und Begr\u00fc\u00dfung in der neuen Gruppe.<br>Wir sind davon \u00fcberzeugt, mit dieser Gruppenstruktur allen Altersgruppen  gerecht zu werden und jedem Kind die bestm\u00f6gliche Unterst\u00fctzung f\u00fcr  seine Entwicklung zu geben.<\/p>\n\n\n\n<div class=\"wp-block-image\"><figure class=\"aligncenter size-large is-resized\"><img loading=\"lazy\" decoding=\"async\" src=\"https:\/\/www.kita-wichernhaus.de\/wp-content\/uploads\/2025\/03\/kugelbahn-974x1024.jpg\" alt=\"Hier sieht man eine Kugelbahn, die aus vielen einzelnen Bauelementen mit unterschiedlichen Funktionen konstruiert ist.\" class=\"wp-image-1831\" width=\"396\" height=\"416\" srcset=\"https:\/\/www.kita-wichernhaus.de\/wp-content\/uploads\/2025\/03\/kugelbahn-974x1024.jpg 974w, https:\/\/www.kita-wichernhaus.de\/wp-content\/uploads\/2025\/03\/kugelbahn-285x300.jpg 285w, https:\/\/www.kita-wichernhaus.de\/wp-content\/uploads\/2025\/03\/kugelbahn-768x807.jpg 768w, https:\/\/www.kita-wichernhaus.de\/wp-content\/uploads\/2025\/03\/kugelbahn-1461x1536.jpg 1461w, https:\/\/www.kita-wichernhaus.de\/wp-content\/uploads\/2025\/03\/kugelbahn-1948x2048.jpg 1948w, https:\/\/www.kita-wichernhaus.de\/wp-content\/uploads\/2025\/03\/kugelbahn-1200x1262.jpg 1200w\" sizes=\"auto, (max-width: 396px) 85vw, 396px\" \/><\/figure><\/div>\n\n\n\n<p><\/p>\n\n\n\n<h1 class=\"wp-block-heading\">Das Spielen!<\/h1>\n\n\n\n<div class=\"wp-block-image\"><figure class=\"alignright size-large is-resized\"><img loading=\"lazy\" decoding=\"async\" src=\"https:\/\/www.kita-wichernhaus.de\/wp-content\/uploads\/2024\/03\/RegenbogenBauen2024-1024x768.jpg\" alt=\"Hier steht ein siebenst\u00f6ckiges Gebilde aus bunten Pappen - vergleichbar mit einem Kartenhaus aus Bierdeckeln.\" class=\"wp-image-1742\" width=\"244\" height=\"183\" srcset=\"https:\/\/www.kita-wichernhaus.de\/wp-content\/uploads\/2024\/03\/RegenbogenBauen2024-1024x768.jpg 1024w, https:\/\/www.kita-wichernhaus.de\/wp-content\/uploads\/2024\/03\/RegenbogenBauen2024-300x225.jpg 300w, https:\/\/www.kita-wichernhaus.de\/wp-content\/uploads\/2024\/03\/RegenbogenBauen2024-768x576.jpg 768w, https:\/\/www.kita-wichernhaus.de\/wp-content\/uploads\/2024\/03\/RegenbogenBauen2024-1536x1152.jpg 1536w, https:\/\/www.kita-wichernhaus.de\/wp-content\/uploads\/2024\/03\/RegenbogenBauen2024-2048x1536.jpg 2048w, https:\/\/www.kita-wichernhaus.de\/wp-content\/uploads\/2024\/03\/RegenbogenBauen2024-1200x900.jpg 1200w\" sizes=\"auto, (max-width: 244px) 85vw, 244px\" \/><\/figure><\/div>\n\n\n\n<p><strong>Wer ? Wie?  Was?- Der! Die! Das!<br>Wieso? Weshalb? Warum?<br>Wer nicht fragt, bleibt dumm!<\/strong><br><br>&#8222;Was hast Du heute im Kindergarten gemacht?&#8220; fragen viele Eltern. Wenn  die Antwort lautet: &#8222;Gespielt!&#8220;, k\u00f6nnen Sie zufrieden sein, denn Spielen  ist gewisserma\u00dfen der Beruf des Kindes. Erziehungswissenschaftler gehen  davon aus, dass Kinder 7-8 Stunden spielen (m\u00fcssen), um sich ihren  altersentsprechenden, f\u00fcr die Entwicklung erforderlichen Reichtum an  Ausdrucksverhalten und die damit verbundenen vielf\u00e4ltigen  Lernm\u00f6glichkeiten erlangen und erhalten k\u00f6nnen.<\/p>\n\n\n\n<div class=\"wp-block-image\"><figure class=\"aligncenter size-large is-resized\"><img loading=\"lazy\" decoding=\"async\" src=\"https:\/\/www.kita-wichernhaus.de\/wp-content\/uploads\/2024\/02\/HP-Bauteppich-3-1024x768.jpeg\" alt=\"Ein Bauteppich mit einer gro\u00dfen und sehr kreativ bebauten Fl\u00e4che aus verschiedenem Konstruktionsmaterial und Autos.\" class=\"wp-image-1729\" width=\"488\" height=\"365\" srcset=\"https:\/\/www.kita-wichernhaus.de\/wp-content\/uploads\/2024\/02\/HP-Bauteppich-3-1024x768.jpeg 1024w, https:\/\/www.kita-wichernhaus.de\/wp-content\/uploads\/2024\/02\/HP-Bauteppich-3-300x225.jpeg 300w, https:\/\/www.kita-wichernhaus.de\/wp-content\/uploads\/2024\/02\/HP-Bauteppich-3-768x576.jpeg 768w, https:\/\/www.kita-wichernhaus.de\/wp-content\/uploads\/2024\/02\/HP-Bauteppich-3-1536x1152.jpeg 1536w, https:\/\/www.kita-wichernhaus.de\/wp-content\/uploads\/2024\/02\/HP-Bauteppich-3-2048x1536.jpeg 2048w, https:\/\/www.kita-wichernhaus.de\/wp-content\/uploads\/2024\/02\/HP-Bauteppich-3-1200x900.jpeg 1200w\" sizes=\"auto, (max-width: 488px) 85vw, 488px\" \/><\/figure><\/div>\n\n\n\n<p class=\"has-text-align-left\"><strong>Kinder,  die die M\u00f6glichkeit haben, viel und intensiv zu spielen, entwickeln  positive Verhaltensmerkmale im emotionalen, sozialen, motorischen sowie  kognitiven Bereich. Spielen unterst\u00fctzt die Lernfreude, Motivation und  Neugierde \u2013 alles Voraussetzungen zum Lernen: <\/strong><\/p>\n\n\n\n<blockquote class=\"wp-block-quote has-text-align-right is-layout-flow wp-block-quote-is-layout-flow\"><p><strong><em>&#8222;Ein Kind, das nicht spielf\u00e4hig ist, ist nicht lernf\u00e4hig!&#8220;<\/em><\/strong><\/p><cite>Armin Krenz<\/cite><\/blockquote>\n\n\n\n<p><\/p>\n\n\n\n<h1 class=\"wp-block-heading\">U3 Betreuung &#8211; unsere Minis<\/h1>\n\n\n\n<figure class=\"wp-block-gallery columns-2 is-cropped wp-block-gallery-1 is-layout-flex wp-block-gallery-is-layout-flex\"><ul class=\"blocks-gallery-grid\"><li class=\"blocks-gallery-item\"><figure><img loading=\"lazy\" decoding=\"async\" width=\"1024\" height=\"768\" src=\"https:\/\/www.kita-wichernhaus.de\/wp-content\/uploads\/2024\/03\/musik2024-1024x768.jpg\" alt=\"\" data-id=\"1747\" data-full-url=\"https:\/\/www.kita-wichernhaus.de\/wp-content\/uploads\/2024\/03\/musik2024.jpg\" data-link=\"https:\/\/www.kita-wichernhaus.de\/?attachment_id=1747\" class=\"wp-image-1747\" srcset=\"https:\/\/www.kita-wichernhaus.de\/wp-content\/uploads\/2024\/03\/musik2024-1024x768.jpg 1024w, https:\/\/www.kita-wichernhaus.de\/wp-content\/uploads\/2024\/03\/musik2024-300x225.jpg 300w, https:\/\/www.kita-wichernhaus.de\/wp-content\/uploads\/2024\/03\/musik2024-768x576.jpg 768w, https:\/\/www.kita-wichernhaus.de\/wp-content\/uploads\/2024\/03\/musik2024-1536x1152.jpg 1536w, https:\/\/www.kita-wichernhaus.de\/wp-content\/uploads\/2024\/03\/musik2024-1200x900.jpg 1200w, https:\/\/www.kita-wichernhaus.de\/wp-content\/uploads\/2024\/03\/musik2024.jpg 2016w\" sizes=\"auto, (max-width: 709px) 85vw, (max-width: 909px) 67vw, (max-width: 1362px) 62vw, 840px\" \/><\/figure><\/li><li class=\"blocks-gallery-item\"><figure><img loading=\"lazy\" decoding=\"async\" width=\"768\" height=\"1024\" src=\"https:\/\/www.kita-wichernhaus.de\/wp-content\/uploads\/2024\/03\/Dosen2024-1-768x1024.jpg\" alt=\"\" data-id=\"1748\" data-full-url=\"https:\/\/www.kita-wichernhaus.de\/wp-content\/uploads\/2024\/03\/Dosen2024-1-scaled.jpg\" data-link=\"https:\/\/www.kita-wichernhaus.de\/?attachment_id=1748\" class=\"wp-image-1748\" srcset=\"https:\/\/www.kita-wichernhaus.de\/wp-content\/uploads\/2024\/03\/Dosen2024-1-768x1024.jpg 768w, https:\/\/www.kita-wichernhaus.de\/wp-content\/uploads\/2024\/03\/Dosen2024-1-225x300.jpg 225w, https:\/\/www.kita-wichernhaus.de\/wp-content\/uploads\/2024\/03\/Dosen2024-1-1152x1536.jpg 1152w, https:\/\/www.kita-wichernhaus.de\/wp-content\/uploads\/2024\/03\/Dosen2024-1-1536x2048.jpg 1536w, https:\/\/www.kita-wichernhaus.de\/wp-content\/uploads\/2024\/03\/Dosen2024-1-1200x1600.jpg 1200w, https:\/\/www.kita-wichernhaus.de\/wp-content\/uploads\/2024\/03\/Dosen2024-1-scaled.jpg 1920w\" sizes=\"auto, (max-width: 768px) 85vw, 768px\" \/><\/figure><\/li><\/ul><\/figure>\n\n\n\n<h1 class=\"wp-block-heading\">Eingew\u00f6hnung &amp; Rituale<\/h1>\n\n\n\n<p>Die Gestaltung der Eingew\u00f6hnungsphase haben wir im Team in Form eines Info-Flyers erarbeitet, dieser ist unter Downloads einzusehen.<br><br>Rituale haben &#8211; besonders f\u00fcr die Kleinsten im Kindergarten &#8211; eine gro\u00dfe Bedeutung. Uns ist sehr wichtig, dass in der ersten Zeit ein kontinuierlicher Tagesablauf gesichert ist, damit sich jedes Kind auf die neuen Bezugspersonen und das neue Umfeld einlassen und einstellen kann. Unsere Kinder sollen sich insbesondere in der ersten Zeit an den Ritualen orientieren k\u00f6nnen und mit der Verinnerlichung dieser Orientierung ein Gef\u00fchl der Zugeh\u00f6rigkeit entwickeln.<\/p>\n\n\n\n<p><\/p>\n\n\n\n<div class=\"wp-block-image\"><figure class=\"aligncenter size-large is-resized\"><img loading=\"lazy\" decoding=\"async\" src=\"https:\/\/www.kita-wichernhaus.de\/wp-content\/uploads\/2024\/01\/Baerchen6-1024x761.jpg\" alt=\"Ein Junge experimentiert mit Rasierschaum in einer Schale und genie\u00dft das Gef\u00fchl an seinen H\u00e4nden.\" class=\"wp-image-1680\" width=\"418\" height=\"310\" srcset=\"https:\/\/www.kita-wichernhaus.de\/wp-content\/uploads\/2024\/01\/Baerchen6-1024x761.jpg 1024w, https:\/\/www.kita-wichernhaus.de\/wp-content\/uploads\/2024\/01\/Baerchen6-300x223.jpg 300w, https:\/\/www.kita-wichernhaus.de\/wp-content\/uploads\/2024\/01\/Baerchen6-768x571.jpg 768w, https:\/\/www.kita-wichernhaus.de\/wp-content\/uploads\/2024\/01\/Baerchen6-1536x1141.jpg 1536w, https:\/\/www.kita-wichernhaus.de\/wp-content\/uploads\/2024\/01\/Baerchen6-1200x892.jpg 1200w, https:\/\/www.kita-wichernhaus.de\/wp-content\/uploads\/2024\/01\/Baerchen6.jpg 1728w\" sizes=\"auto, (max-width: 418px) 85vw, 418px\" \/><\/figure><\/div>\n\n\n\n<h1 class=\"wp-block-heading\">Gruppenraum<\/h1>\n\n\n\n<div class=\"wp-block-image\"><figure class=\"alignright size-large is-resized\"><img loading=\"lazy\" decoding=\"async\" src=\"https:\/\/www.kita-wichernhaus.de\/wp-content\/uploads\/2024\/01\/IMG_0875-837x1024.jpg\" alt=\"Kinder laufen barfu\u00df durch Boxen, in denen verschiedenes Material zum F\u00fchlen liegt.\" class=\"wp-image-1683\" width=\"110\" height=\"135\" srcset=\"https:\/\/www.kita-wichernhaus.de\/wp-content\/uploads\/2024\/01\/IMG_0875-837x1024.jpg 837w, https:\/\/www.kita-wichernhaus.de\/wp-content\/uploads\/2024\/01\/IMG_0875-245x300.jpg 245w, https:\/\/www.kita-wichernhaus.de\/wp-content\/uploads\/2024\/01\/IMG_0875-768x939.jpg 768w, https:\/\/www.kita-wichernhaus.de\/wp-content\/uploads\/2024\/01\/IMG_0875-1256x1536.jpg 1256w, https:\/\/www.kita-wichernhaus.de\/wp-content\/uploads\/2024\/01\/IMG_0875-1675x2048.jpg 1675w, https:\/\/www.kita-wichernhaus.de\/wp-content\/uploads\/2024\/01\/IMG_0875-1200x1467.jpg 1200w\" sizes=\"auto, (max-width: 110px) 85vw, 110px\" \/><\/figure><\/div>\n\n\n\n<p>Unsere R\u00e4umlichkeiten bieten verschiedene Spielbereiche und viel freie Bodenfl\u00e4che, auf der gespielt, getobt, gerutscht, gekrabbelt, gebaut werden kann. <\/p>\n\n\n\n<p>In den Gruppen h\u00e4ngt eine Tafel mit Fotos der anderen Spielnebenr\u00e4ume. Dort sehen die Kinder eigenst\u00e4ndig nach, welche Spielbereiche au\u00dferhalb der Gruppe frei sind, k\u00f6nnen ihren Spielbereich dementsprechend w\u00e4hlen und mit der Platzierung ihres pers\u00f6nlichen Magneten markieren, wo sie gerade spielen. <\/p>\n\n\n\n<p><\/p>\n\n\n\n<h1 class=\"wp-block-heading\">Vorschulkinder &#8211; unsere MAXIS<\/h1>\n\n\n\n<div class=\"wp-block-image\"><figure class=\"alignright size-large is-resized\"><img loading=\"lazy\" decoding=\"async\" src=\"https:\/\/www.kita-wichernhaus.de\/wp-content\/uploads\/2024\/01\/IMG_0046-1024x719.jpg\" alt=\"Ein Kind arbeitet mit einer Pipette und tropft bunte Farbe in eine Petrischale.\" class=\"wp-image-1682\" width=\"215\" height=\"168\"\/><\/figure><\/div>\n\n\n\n<p>Voller Selbstbewusstsein genie\u00dfen unsere Gr\u00f6\u00dften ihre Rolle  in der Gruppe, zeigen sich zumeist hilfsbereit, gehen aus sich heraus, weil sie merken, etwas zum Gemeinsamen beitragen zu k\u00f6nnen. Allein diese  Vorraussetzung erm\u00f6glicht eine F\u00f6rderung von kognitiven, motorischen  und sprachlichen F\u00e4higkeiten und letztendlich den gelingenden \u00dcbergang in  die Schule.<\/p>\n\n\n\n<p><strong>Besondere Extras f\u00fcr die Kinder im letzten Kindergartenjahr<br><br><\/strong>W\u00e4hrend  ihrer gesamten Kita-Zeit erwerben die Kinder die f\u00fcr die Schule  notwendigen F\u00e4higkeiten und Fertigkeiten. Unsere Vorbereitung auf die  Schule sieht deshalb nicht so aus, dass wir gewisse Fertigkeiten intensiv trainieren, sondern die Kinder mit dem Gedanken an die Schule und an immer gr\u00f6\u00dfer werdenden Anforderungen an die Arbeitsweisen in der  Schule gew\u00f6hnen m\u00f6chten.<br><br>Im letzten Kita-Jahr treffen sich unsere Maxis einmal w\u00f6chentlich. Dabei  ist uns in erster Linie wichtig, dass die Kinder sich in einer Gruppe  orientieren, gegenseitig beraten und unterst\u00fctzen k\u00f6nnen, so dass diese  Gruppe zusammenw\u00e4chst. Dieser Maxi-Spa\u00df umfasst Aktionen verschiedenster Art &#8211; h\u00e4ufig gestaltet nach dem Wunschthema der Maxis selber &#8211; sowie besondere Ausfl\u00fcge au\u00dferhalb der Kita im letzten Halbjahr vor der Schule.<br><\/p>\n\n\n\n<p>In den letzten 3 Monaten planen Schule und Kindergarten gemeinsam ca. 5-6 Termine f\u00fcr die  Schnupperschule. An diesen Tagen findet f\u00fcr unsere Maxis eine  Unterrichtsstunde in der Schule statt, an der sie zur Eingew\u00f6hnung mit den ihnen vertrauten Erzieherinnen teilnehmen.<br><\/p>\n\n\n\n<figure class=\"wp-block-gallery columns-2 is-cropped wp-block-gallery-2 is-layout-flex wp-block-gallery-is-layout-flex\"><ul class=\"blocks-gallery-grid\"><li class=\"blocks-gallery-item\"><figure><img loading=\"lazy\" decoding=\"async\" width=\"1024\" height=\"683\" src=\"https:\/\/www.kita-wichernhaus.de\/wp-content\/uploads\/2024\/01\/IMG_0109-1024x683.jpg\" alt=\"\" data-id=\"1681\" class=\"wp-image-1681\" srcset=\"https:\/\/www.kita-wichernhaus.de\/wp-content\/uploads\/2024\/01\/IMG_0109-1024x683.jpg 1024w, https:\/\/www.kita-wichernhaus.de\/wp-content\/uploads\/2024\/01\/IMG_0109-300x200.jpg 300w, https:\/\/www.kita-wichernhaus.de\/wp-content\/uploads\/2024\/01\/IMG_0109-768x512.jpg 768w, https:\/\/www.kita-wichernhaus.de\/wp-content\/uploads\/2024\/01\/IMG_0109-1536x1024.jpg 1536w, https:\/\/www.kita-wichernhaus.de\/wp-content\/uploads\/2024\/01\/IMG_0109-2048x1365.jpg 2048w, https:\/\/www.kita-wichernhaus.de\/wp-content\/uploads\/2024\/01\/IMG_0109-1200x800.jpg 1200w\" sizes=\"auto, (max-width: 709px) 85vw, (max-width: 909px) 67vw, (max-width: 1362px) 62vw, 840px\" \/><figcaption class=\"blocks-gallery-item__caption\">Forschen mit Mikroskopen<\/figcaption><\/figure><\/li><li class=\"blocks-gallery-item\"><figure><img loading=\"lazy\" decoding=\"async\" width=\"1024\" height=\"768\" src=\"https:\/\/www.kita-wichernhaus.de\/wp-content\/uploads\/2024\/03\/Waschanlage2024-1024x768.jpg\" alt=\"\" data-id=\"1750\" data-full-url=\"https:\/\/www.kita-wichernhaus.de\/wp-content\/uploads\/2024\/03\/Waschanlage2024-scaled.jpg\" data-link=\"https:\/\/www.kita-wichernhaus.de\/?attachment_id=1750\" class=\"wp-image-1750\" srcset=\"https:\/\/www.kita-wichernhaus.de\/wp-content\/uploads\/2024\/03\/Waschanlage2024-1024x768.jpg 1024w, https:\/\/www.kita-wichernhaus.de\/wp-content\/uploads\/2024\/03\/Waschanlage2024-300x225.jpg 300w, https:\/\/www.kita-wichernhaus.de\/wp-content\/uploads\/2024\/03\/Waschanlage2024-768x576.jpg 768w, https:\/\/www.kita-wichernhaus.de\/wp-content\/uploads\/2024\/03\/Waschanlage2024-1536x1152.jpg 1536w, https:\/\/www.kita-wichernhaus.de\/wp-content\/uploads\/2024\/03\/Waschanlage2024-2048x1536.jpg 2048w, https:\/\/www.kita-wichernhaus.de\/wp-content\/uploads\/2024\/03\/Waschanlage2024-1200x900.jpg 1200w\" sizes=\"auto, (max-width: 709px) 85vw, (max-width: 909px) 67vw, (max-width: 1362px) 62vw, 840px\" \/><figcaption class=\"blocks-gallery-item__caption\">&#8222;Waschanlage&#8220;<\/figcaption><\/figure><\/li><\/ul><\/figure>\n\n\n\n<p><\/p>\n\n\n\n<p>Bei all diesen Aktivit\u00e4ten erleben die Kinder, \u2026<\/p>\n\n\n\n<ul class=\"wp-block-list\"><li>dass sie nicht allein der neuen Situation gegen\u00fcberstehen, sondern mit Freunden diesen Weg gehen werden.<\/li><li>dass Schule einiges Vertrautes bietet, aber auch viel Neues, an das sie sich noch gew\u00f6hnen m\u00fcssen.<\/li><li>dass Schule Anforderungen stellt, aber auch Spa\u00df machen kann.<\/li><\/ul>\n\n\n\n<p><\/p>\n\n\n\n<h1 class=\"wp-block-heading\">Partizipation<\/h1>\n\n\n\n<h4 class=\"wp-block-heading\">Hier darf ich mitbestimmen!<\/h4>\n\n\n\n<p><strong>Wir m\u00f6chten, dass Kinder sich beteiligen, ihre  W\u00fcnsche und Bed\u00fcrfnisse \u00e4u\u00dfern und Bed\u00fcrfnisse anderer respektieren  lernen. Somit sammeln sie erste Erfahrungen einer demokratischen  Haltung. <br><br><\/strong>Kinder erleben in unserer Kindertageseinrichtung Partizipation in Form von:<\/p>\n\n\n\n<ul class=\"wp-block-list\"><li> Kinderkonferenzen bei Planungen innerhalb der Gruppe<\/li><li>Umfrageb\u00f6gen f\u00fcr Kinder<\/li><li> Erz\u00e4hl- und Morgenkreisen<\/li><li>Beschwerdem\u00f6glichkeit mit der Postbox<\/li><li> Abstimmung mit den Wahls\u00e4ulen<\/li><li> Mitwirkung der Regelentwicklung<\/li><li> Mitgestaltung des Speiseplans<\/li><li> Reflexionsrunden nach Veranstaltungen und besonderen Ereignissen<\/li><\/ul>\n\n\n\n<p>Neben der Wichtigkeit dieser Aktionen f\u00fcr demokratische Ersterfahrungen und dem Gef\u00fchl &#8222;ich werde ernst genommen&#8220;, bilden geltende Regeln in unserer Kita einen festen Rahmen, der den Kindern Orientierung bietet. <\/p>\n\n\n\n<div class=\"wp-block-image\"><figure class=\"aligncenter size-full is-resized\"><img loading=\"lazy\" decoding=\"async\" src=\"https:\/\/www.kita-wichernhaus.de\/wp-content\/uploads\/2019\/09\/partizipation-2017_lbb-1.jpg\" alt=\"In eine von zwei Abstimmungss\u00e4ulen haben die Kinder einen Tischtennisball eingeworfen und so abgestimmt, welches der vorgschlagenen Bilderb\u00fccher sie im Stuhlkreis h\u00f6ren m\u00f6chten.\" class=\"wp-image-829\" width=\"370\" height=\"256\" srcset=\"https:\/\/www.kita-wichernhaus.de\/wp-content\/uploads\/2019\/09\/partizipation-2017_lbb-1.jpg 793w, https:\/\/www.kita-wichernhaus.de\/wp-content\/uploads\/2019\/09\/partizipation-2017_lbb-1-300x208.jpg 300w, https:\/\/www.kita-wichernhaus.de\/wp-content\/uploads\/2019\/09\/partizipation-2017_lbb-1-768x533.jpg 768w\" sizes=\"auto, (max-width: 370px) 85vw, 370px\" \/><\/figure><\/div>\n\n\n\n<figure class=\"wp-block-table\"><table><tbody><tr><td><\/td><\/tr><\/tbody><\/table><\/figure>\n\n\n\n<p><\/p>\n\n\n\n<h1 class=\"wp-block-heading\">Inklusion<\/h1>\n\n\n\n<p><strong>In unserer Einrichtung ist die F\u00f6rderung des  Zusammenlebens von Kindern aus unterschiedlichen Lebenssituationen selbstverst\u00e4ndlich.<\/strong> <br><br>Alle Kinder sind unabh\u00e4ngig ihrer Herkunft, ihrer F\u00e4higkeiten und Neigungen willkommen. Wir sehen alle Kinder als wertvolle und vollst\u00e4ndige Menschen, die &#8211; egal ob mit oder ohne Handicap &#8211; gemeinsam leben und lernen \u2013 gem\u00e4\u00df dem Recht auf Bildung und Chancengleichheit f\u00fcr alle. <\/p>\n\n\n\n<div class=\"wp-block-image\"><figure class=\"aligncenter size-full is-resized\"><img loading=\"lazy\" decoding=\"async\" src=\"https:\/\/www.kita-wichernhaus.de\/wp-content\/uploads\/2019\/09\/integration-2017_lbb.jpg\" alt=\"Eine Erzieherin unterst\u00fctzt ein Kind beim Aufkleben bunter Schnipsel.\" class=\"wp-image-1023\" width=\"455\" height=\"303\" srcset=\"https:\/\/www.kita-wichernhaus.de\/wp-content\/uploads\/2019\/09\/integration-2017_lbb.jpg 824w, https:\/\/www.kita-wichernhaus.de\/wp-content\/uploads\/2019\/09\/integration-2017_lbb-300x200.jpg 300w, https:\/\/www.kita-wichernhaus.de\/wp-content\/uploads\/2019\/09\/integration-2017_lbb-768x513.jpg 768w\" sizes=\"auto, (max-width: 455px) 85vw, 455px\" \/><\/figure><\/div>\n\n\n\n<p>Inklusion bedeutet f\u00fcr uns, das Kind in seiner Einzigartigkeit zu sehen und seine Pers\u00f6nlichkeit mit allen Besonderheiten anzunehmen, ihm bestm\u00f6gliche Teilhabe zu erm\u00f6glichen und nicht die Behinderung oder Besonderheit in den Mittelpunkt zu stellen.<br><br>Unsere Kinder kommen aus unterschiedlichen sozialen und kulturellen Umfeldern und bringen verschiedene Erfahrungen mit. Diese sind Ausgangspunkte f\u00fcr  die Entwicklungsbegleitung der Kinder. <br>Bei Besonderheiten in der  Entwicklung einzelner Kinder geben wir durch vielf\u00e4ltige Angebote gezielte Unterst\u00fctzung und Entwicklungsimpulse und bieten bei Bedarf  individuelle F\u00f6rderung durch eine Inklusionskraft.<\/p>\n\n\n\n<p><\/p>\n\n\n\n<h1 class=\"wp-block-heading\">Verpflegung<\/h1>\n\n\n\n<h4 class=\"wp-block-heading\">Fr\u00fchst\u00fcck<\/h4>\n\n\n\n<div class=\"wp-block-image\"><figure class=\"alignright size-large is-resized\"><img loading=\"lazy\" decoding=\"async\" src=\"https:\/\/www.kita-wichernhaus.de\/wp-content\/uploads\/2024\/01\/IMG_2420-683x1024.jpg\" alt=\"Ein gedeckter Fr\u00fchst\u00fcckstisch mit Brot, Wurst- und K\u00e4sebel\u00e4gen und einer Obst- und Rohkostplatte.\" class=\"wp-image-1712\" width=\"171\" height=\"256\" srcset=\"https:\/\/www.kita-wichernhaus.de\/wp-content\/uploads\/2024\/01\/IMG_2420-683x1024.jpg 683w, https:\/\/www.kita-wichernhaus.de\/wp-content\/uploads\/2024\/01\/IMG_2420-200x300.jpg 200w, https:\/\/www.kita-wichernhaus.de\/wp-content\/uploads\/2024\/01\/IMG_2420-768x1152.jpg 768w, https:\/\/www.kita-wichernhaus.de\/wp-content\/uploads\/2024\/01\/IMG_2420-1024x1536.jpg 1024w, https:\/\/www.kita-wichernhaus.de\/wp-content\/uploads\/2024\/01\/IMG_2420-1365x2048.jpg 1365w, https:\/\/www.kita-wichernhaus.de\/wp-content\/uploads\/2024\/01\/IMG_2420-1200x1800.jpg 1200w, https:\/\/www.kita-wichernhaus.de\/wp-content\/uploads\/2024\/01\/IMG_2420-scaled.jpg 1707w\" sizes=\"auto, (max-width: 171px) 85vw, 171px\" \/><\/figure><\/div>\n\n\n\n<p>Wir bereiten f\u00fcr alle Kinder t\u00e4glich ein ausgewogenes  Fr\u00fchst\u00fccksbuffet zu, an dem Ihre Kinder sich aus einer Auswahl an  Brotsorten, Rohkost, Obst, Getr\u00e4nken und M\u00fcsli ein Fr\u00fchst\u00fcck nach  ihrem Geschmack zusammenstellen k\u00f6nnen.<br><br>Das Fr\u00fchst\u00fccksbuffet steht den Kindern von ca. 7.30 bis 9.30 Uhr zur Verf\u00fcgung, die Getr\u00e4nke sind f\u00fcr die Kinder den ganzen Tag zug\u00e4nglich.<\/p>\n\n\n\n<h4 class=\"wp-block-heading\">Mittagessen<\/h4>\n\n\n\n<p><strong>\u201eWas gibt es heute zu essen?\u201c<br><\/strong>Das ist die  Frage, die jeden Tag unserer K\u00f6chin gestellt wird, wenn unsere Kinder  sie in der K\u00fcche besuchen oder die Ger\u00fcche des frisch zubereiteten  Essens in der ganzen Kita zu schnuppern sind. Wir legen auf eine  ausgewogene, aber auch kindgerechte Nahrung Wert. <br><br>Die Kinder  d\u00fcrfen auch durchaus an der Planung des Mittagessens teilhaben und sich ihre Lieblingsgerichte w\u00fcnschen. Wir decken gemeinsam die Tische ein und lernen so ganz nebenbei Z\u00e4hlen, Getr\u00e4nke eingie\u00dfen uvm. Bei der  gesamten Verpflegung werden gesundheitliche Probleme wie z.B. Allergien  sowie kulturelle Anspr\u00fcche der Eltern ber\u00fccksichtigt.<br><br>Bei allen gemeinsamen Mahlzeiten erleben die Kinder Gemeinschaft, R\u00fccksichtnahme und eine harmonische, stressfreie Atmosph\u00e4re. Dabei erlernen unsere  Kleinsten &#8211; als wichtigen Entwicklungsschritt &#8211; eine gesellschaftsf\u00e4hige  Esskultur. Feinmotorische F\u00e4higkeiten, wie Essen mit L\u00f6ffel, Gabel oder  Messer werden dabei erlernt.<\/p>\n\n\n\n<div class=\"wp-block-image\"><figure class=\"aligncenter size-large is-resized\"><img loading=\"lazy\" decoding=\"async\" src=\"https:\/\/www.kita-wichernhaus.de\/wp-content\/uploads\/2024\/01\/Essen2024-1024x699.jpg\" alt=\"Ein gedeckter Mittagstisch. Das Essen befindet sich in Schalen, so dass sich die Kinder selbst bedienen k\u00f6nnen.\" class=\"wp-image-1704\" width=\"425\" height=\"330\"\/><\/figure><\/div>\n\n\n\n<p><\/p>\n","protected":false},"excerpt":{"rendered":"<p>Unsere Gruppen \u2013 hier werden alle gro\u00df! Mit Beginn der U3-Betreuung haben wir uns vor einigen Jahren dazu entschieden, die im Kibiz vorgesehenen altersgemischten Gruppen von 2 Jahren bis zum Schulanfang aufzul\u00f6sen und altershomogene Gruppen zu bilden. In der kleinen Gruppe \u2013 der B\u00e4rengruppe &#8211; geht es vorrangig um die gelingende Losl\u00f6sung von den Eltern &hellip; <a href=\"https:\/\/www.kita-wichernhaus.de\/?page_id=20\" class=\"more-link\"><span class=\"screen-reader-text\">\u201eWas uns wichtig ist\u201c <\/span>weiterlesen<\/a><\/p>\n","protected":false},"author":1,"featured_media":0,"parent":0,"menu_order":3,"comment_status":"closed","ping_status":"closed","template":"","meta":{"footnotes":""},"class_list":["post-20","page","type-page","status-publish","hentry"],"_links":{"self":[{"href":"https:\/\/www.kita-wichernhaus.de\/index.php?rest_route=\/wp\/v2\/pages\/20","targetHints":{"allow":["GET"]}}],"collection":[{"href":"https:\/\/www.kita-wichernhaus.de\/index.php?rest_route=\/wp\/v2\/pages"}],"about":[{"href":"https:\/\/www.kita-wichernhaus.de\/index.php?rest_route=\/wp\/v2\/types\/page"}],"author":[{"embeddable":true,"href":"https:\/\/www.kita-wichernhaus.de\/index.php?rest_route=\/wp\/v2\/users\/1"}],"replies":[{"embeddable":true,"href":"https:\/\/www.kita-wichernhaus.de\/index.php?rest_route=%2Fwp%2Fv2%2Fcomments&post=20"}],"version-history":[{"count":19,"href":"https:\/\/www.kita-wichernhaus.de\/index.php?rest_route=\/wp\/v2\/pages\/20\/revisions"}],"predecessor-version":[{"id":1839,"href":"https:\/\/www.kita-wichernhaus.de\/index.php?rest_route=\/wp\/v2\/pages\/20\/revisions\/1839"}],"wp:attachment":[{"href":"https:\/\/www.kita-wichernhaus.de\/index.php?rest_route=%2Fwp%2Fv2%2Fmedia&parent=20"}],"curies":[{"name":"wp","href":"https:\/\/api.w.org\/{rel}","templated":true}]}}