{"id":18,"date":"2019-09-04T16:14:13","date_gmt":"2019-09-04T14:14:13","guid":{"rendered":"http:\/\/wordpress.kita-wichernhaus.de\/?page_id=18"},"modified":"2025-03-20T11:37:40","modified_gmt":"2025-03-20T10:37:40","slug":"die-einrichtung","status":"publish","type":"page","link":"https:\/\/www.kita-wichernhaus.de\/?page_id=18","title":{"rendered":"Unsere Kita"},"content":{"rendered":"\n<p><strong>Unser offenes Haus l\u00e4dt Menschen zum Reden, Lernen, Spielen, Zuh\u00f6ren, Lachen und vielen gemeinsamen Aktivit\u00e4ten ein.<\/strong><\/p>\n\n\n\n<p>In unserer Kindertageseinrichtung erleben Sie 40 Kinder in zwei Gruppen, wie sie fr\u00f6hlich, freundlich und aufgeweckt miteinander ihre Kindheit von  2 bis 6 Jahren erleben.<\/p>\n\n\n\n<div class=\"wp-block-image\"><figure class=\"aligncenter size-large is-resized\"><img loading=\"lazy\" decoding=\"async\" src=\"https:\/\/www.kita-wichernhaus.de\/wp-content\/uploads\/2025\/03\/haendeHP-1024x682.jpg\" alt=\"\" class=\"wp-image-1811\" width=\"411\" height=\"273\" srcset=\"https:\/\/www.kita-wichernhaus.de\/wp-content\/uploads\/2025\/03\/haendeHP-1024x682.jpg 1024w, https:\/\/www.kita-wichernhaus.de\/wp-content\/uploads\/2025\/03\/haendeHP-300x200.jpg 300w, https:\/\/www.kita-wichernhaus.de\/wp-content\/uploads\/2025\/03\/haendeHP-768x512.jpg 768w, https:\/\/www.kita-wichernhaus.de\/wp-content\/uploads\/2025\/03\/haendeHP-1200x800.jpg 1200w, https:\/\/www.kita-wichernhaus.de\/wp-content\/uploads\/2025\/03\/haendeHP.jpg 1280w\" sizes=\"auto, (max-width: 411px) 85vw, 411px\" \/><\/figure><\/div>\n\n\n\n<p>In  der Planung unserer Arbeit richten wir unsere Ziele auf die  ganzheitliche F\u00f6rderung der Kinder aus. Die verst\u00e4rkte Entwicklung des  Selbstbewusstseins und seiner eigenen Pers\u00f6nlichkeit hilft ihm dabei,  soziale Kompetenzen innerhalb einer Gruppe zu erlangen. In unserer Kita  spielt eigenst\u00e4ndiges, kreatives Handeln und Arbeiten bei dem gesamten  F\u00f6rderungsangebot f\u00fcr Ihr Kind die wichtigste Rolle.<br><br>So kann es Lernerfahrungen in vielf\u00e4ltigen Bereichen machen, aus denen es seinem Interesse entsprechend sch\u00f6pft. Sp\u00e4ter werden sich daraus St\u00e4rken und Vorlieben entwickeln.<br><br><\/p>\n\n\n\n<figure class=\"wp-block-gallery columns-3 is-cropped wp-block-gallery-1 is-layout-flex wp-block-gallery-is-layout-flex\"><ul class=\"blocks-gallery-grid\"><li class=\"blocks-gallery-item\"><figure><img loading=\"lazy\" decoding=\"async\" width=\"1920\" height=\"2560\" src=\"https:\/\/www.kita-wichernhaus.de\/wp-content\/uploads\/2025\/03\/regenbogen2024-scaled.jpg\" alt=\"\" data-id=\"1821\" data-full-url=\"https:\/\/www.kita-wichernhaus.de\/wp-content\/uploads\/2025\/03\/regenbogen2024-scaled.jpg\" data-link=\"https:\/\/www.kita-wichernhaus.de\/?attachment_id=1821\" class=\"wp-image-1821\" srcset=\"https:\/\/www.kita-wichernhaus.de\/wp-content\/uploads\/2025\/03\/regenbogen2024-scaled.jpg 1920w, https:\/\/www.kita-wichernhaus.de\/wp-content\/uploads\/2025\/03\/regenbogen2024-225x300.jpg 225w, https:\/\/www.kita-wichernhaus.de\/wp-content\/uploads\/2025\/03\/regenbogen2024-768x1024.jpg 768w, https:\/\/www.kita-wichernhaus.de\/wp-content\/uploads\/2025\/03\/regenbogen2024-1152x1536.jpg 1152w, https:\/\/www.kita-wichernhaus.de\/wp-content\/uploads\/2025\/03\/regenbogen2024-1536x2048.jpg 1536w, https:\/\/www.kita-wichernhaus.de\/wp-content\/uploads\/2025\/03\/regenbogen2024-1200x1600.jpg 1200w\" sizes=\"auto, (max-width: 709px) 85vw, (max-width: 909px) 67vw, (max-width: 1362px) 62vw, 840px\" \/><\/figure><\/li><li class=\"blocks-gallery-item\"><figure><img loading=\"lazy\" decoding=\"async\" width=\"2423\" height=\"2560\" src=\"https:\/\/www.kita-wichernhaus.de\/wp-content\/uploads\/2025\/03\/kletterwandneu-scaled.jpg\" alt=\"\" data-id=\"1825\" data-full-url=\"https:\/\/www.kita-wichernhaus.de\/wp-content\/uploads\/2025\/03\/kletterwandneu-scaled.jpg\" data-link=\"https:\/\/www.kita-wichernhaus.de\/?attachment_id=1825\" class=\"wp-image-1825\" srcset=\"https:\/\/www.kita-wichernhaus.de\/wp-content\/uploads\/2025\/03\/kletterwandneu-scaled.jpg 2423w, https:\/\/www.kita-wichernhaus.de\/wp-content\/uploads\/2025\/03\/kletterwandneu-284x300.jpg 284w, https:\/\/www.kita-wichernhaus.de\/wp-content\/uploads\/2025\/03\/kletterwandneu-969x1024.jpg 969w, https:\/\/www.kita-wichernhaus.de\/wp-content\/uploads\/2025\/03\/kletterwandneu-768x811.jpg 768w, https:\/\/www.kita-wichernhaus.de\/wp-content\/uploads\/2025\/03\/kletterwandneu-1454x1536.jpg 1454w, https:\/\/www.kita-wichernhaus.de\/wp-content\/uploads\/2025\/03\/kletterwandneu-1939x2048.jpg 1939w, https:\/\/www.kita-wichernhaus.de\/wp-content\/uploads\/2025\/03\/kletterwandneu-1200x1268.jpg 1200w\" sizes=\"auto, (max-width: 709px) 85vw, (max-width: 909px) 67vw, (max-width: 1362px) 62vw, 840px\" \/><\/figure><\/li><li class=\"blocks-gallery-item\"><figure><img loading=\"lazy\" decoding=\"async\" width=\"825\" height=\"550\" src=\"https:\/\/www.kita-wichernhaus.de\/wp-content\/uploads\/2019\/09\/einrichtung-2017-06_lbb.jpg\" alt=\"\" data-id=\"1136\" data-link=\"http:\/\/wordpress.kita-wichernhaus.de\/?attachment_id=1136\" class=\"wp-image-1136\" srcset=\"https:\/\/www.kita-wichernhaus.de\/wp-content\/uploads\/2019\/09\/einrichtung-2017-06_lbb.jpg 825w, https:\/\/www.kita-wichernhaus.de\/wp-content\/uploads\/2019\/09\/einrichtung-2017-06_lbb-300x200.jpg 300w, https:\/\/www.kita-wichernhaus.de\/wp-content\/uploads\/2019\/09\/einrichtung-2017-06_lbb-768x512.jpg 768w\" sizes=\"auto, (max-width: 825px) 85vw, 825px\" \/><\/figure><\/li><li class=\"blocks-gallery-item\"><figure><img loading=\"lazy\" decoding=\"async\" width=\"825\" height=\"550\" src=\"https:\/\/www.kita-wichernhaus.de\/wp-content\/uploads\/2019\/09\/einrichtung-2017-09_lbb.jpg\" alt=\"\" data-id=\"1130\" data-link=\"http:\/\/wordpress.kita-wichernhaus.de\/?attachment_id=1130\" class=\"wp-image-1130\" srcset=\"https:\/\/www.kita-wichernhaus.de\/wp-content\/uploads\/2019\/09\/einrichtung-2017-09_lbb.jpg 825w, https:\/\/www.kita-wichernhaus.de\/wp-content\/uploads\/2019\/09\/einrichtung-2017-09_lbb-300x200.jpg 300w, https:\/\/www.kita-wichernhaus.de\/wp-content\/uploads\/2019\/09\/einrichtung-2017-09_lbb-768x512.jpg 768w\" sizes=\"auto, (max-width: 825px) 85vw, 825px\" \/><\/figure><\/li><li class=\"blocks-gallery-item\"><figure><img loading=\"lazy\" decoding=\"async\" width=\"366\" height=\"550\" src=\"https:\/\/www.kita-wichernhaus.de\/wp-content\/uploads\/2019\/09\/einrichtung-2017-11_lbb.jpg\" alt=\"\" data-id=\"1126\" data-link=\"http:\/\/wordpress.kita-wichernhaus.de\/?attachment_id=1126\" class=\"wp-image-1126\" srcset=\"https:\/\/www.kita-wichernhaus.de\/wp-content\/uploads\/2019\/09\/einrichtung-2017-11_lbb.jpg 366w, https:\/\/www.kita-wichernhaus.de\/wp-content\/uploads\/2019\/09\/einrichtung-2017-11_lbb-200x300.jpg 200w\" sizes=\"auto, (max-width: 366px) 85vw, 366px\" \/><\/figure><\/li><li class=\"blocks-gallery-item\"><figure><img loading=\"lazy\" decoding=\"async\" width=\"825\" height=\"550\" src=\"https:\/\/www.kita-wichernhaus.de\/wp-content\/uploads\/2019\/09\/einrichtung-2017-12_lbb.jpg\" alt=\"\" data-id=\"1124\" data-link=\"http:\/\/wordpress.kita-wichernhaus.de\/?attachment_id=1124\" class=\"wp-image-1124\" srcset=\"https:\/\/www.kita-wichernhaus.de\/wp-content\/uploads\/2019\/09\/einrichtung-2017-12_lbb.jpg 825w, https:\/\/www.kita-wichernhaus.de\/wp-content\/uploads\/2019\/09\/einrichtung-2017-12_lbb-300x200.jpg 300w, https:\/\/www.kita-wichernhaus.de\/wp-content\/uploads\/2019\/09\/einrichtung-2017-12_lbb-768x512.jpg 768w\" sizes=\"auto, (max-width: 825px) 85vw, 825px\" \/><\/figure><\/li><li class=\"blocks-gallery-item\"><figure><img loading=\"lazy\" decoding=\"async\" width=\"825\" height=\"550\" src=\"https:\/\/www.kita-wichernhaus.de\/wp-content\/uploads\/2019\/09\/einrichtung-2017-14_lbb.jpg\" alt=\"\" data-id=\"1120\" data-link=\"http:\/\/wordpress.kita-wichernhaus.de\/?attachment_id=1120\" class=\"wp-image-1120\" srcset=\"https:\/\/www.kita-wichernhaus.de\/wp-content\/uploads\/2019\/09\/einrichtung-2017-14_lbb.jpg 825w, https:\/\/www.kita-wichernhaus.de\/wp-content\/uploads\/2019\/09\/einrichtung-2017-14_lbb-300x200.jpg 300w, https:\/\/www.kita-wichernhaus.de\/wp-content\/uploads\/2019\/09\/einrichtung-2017-14_lbb-768x512.jpg 768w\" sizes=\"auto, (max-width: 825px) 85vw, 825px\" \/><\/figure><\/li><li class=\"blocks-gallery-item\"><figure><img loading=\"lazy\" decoding=\"async\" width=\"800\" height=\"533\" src=\"https:\/\/www.kita-wichernhaus.de\/wp-content\/uploads\/2019\/09\/einrichtung2013-01_lbb.jpg\" alt=\"\" data-id=\"1112\" data-link=\"http:\/\/wordpress.kita-wichernhaus.de\/?attachment_id=1112\" class=\"wp-image-1112\" srcset=\"https:\/\/www.kita-wichernhaus.de\/wp-content\/uploads\/2019\/09\/einrichtung2013-01_lbb.jpg 800w, https:\/\/www.kita-wichernhaus.de\/wp-content\/uploads\/2019\/09\/einrichtung2013-01_lbb-300x200.jpg 300w, https:\/\/www.kita-wichernhaus.de\/wp-content\/uploads\/2019\/09\/einrichtung2013-01_lbb-768x512.jpg 768w\" sizes=\"auto, (max-width: 800px) 85vw, 800px\" \/><\/figure><\/li><li class=\"blocks-gallery-item\"><figure><img loading=\"lazy\" decoding=\"async\" width=\"800\" height=\"533\" src=\"https:\/\/www.kita-wichernhaus.de\/wp-content\/uploads\/2019\/09\/einrichtung2013-04_lbb.jpg\" alt=\"\" data-id=\"1110\" data-link=\"http:\/\/wordpress.kita-wichernhaus.de\/?attachment_id=1110\" class=\"wp-image-1110\" srcset=\"https:\/\/www.kita-wichernhaus.de\/wp-content\/uploads\/2019\/09\/einrichtung2013-04_lbb.jpg 800w, https:\/\/www.kita-wichernhaus.de\/wp-content\/uploads\/2019\/09\/einrichtung2013-04_lbb-300x200.jpg 300w, https:\/\/www.kita-wichernhaus.de\/wp-content\/uploads\/2019\/09\/einrichtung2013-04_lbb-768x512.jpg 768w\" sizes=\"auto, (max-width: 800px) 85vw, 800px\" \/><\/figure><\/li><li class=\"blocks-gallery-item\"><figure><img loading=\"lazy\" decoding=\"async\" width=\"800\" height=\"532\" src=\"https:\/\/www.kita-wichernhaus.de\/wp-content\/uploads\/2019\/09\/einrichtung2013-05_lbb.jpg\" alt=\"\" data-id=\"1108\" data-link=\"http:\/\/wordpress.kita-wichernhaus.de\/?attachment_id=1108\" class=\"wp-image-1108\" srcset=\"https:\/\/www.kita-wichernhaus.de\/wp-content\/uploads\/2019\/09\/einrichtung2013-05_lbb.jpg 800w, https:\/\/www.kita-wichernhaus.de\/wp-content\/uploads\/2019\/09\/einrichtung2013-05_lbb-300x200.jpg 300w, https:\/\/www.kita-wichernhaus.de\/wp-content\/uploads\/2019\/09\/einrichtung2013-05_lbb-768x511.jpg 768w\" sizes=\"auto, (max-width: 800px) 85vw, 800px\" \/><\/figure><\/li><li class=\"blocks-gallery-item\"><figure><img loading=\"lazy\" decoding=\"async\" width=\"800\" height=\"531\" src=\"https:\/\/www.kita-wichernhaus.de\/wp-content\/uploads\/2019\/09\/einrichtung2013-09_lbb.jpg\" alt=\"\" data-id=\"1106\" data-link=\"http:\/\/wordpress.kita-wichernhaus.de\/?attachment_id=1106\" class=\"wp-image-1106\" srcset=\"https:\/\/www.kita-wichernhaus.de\/wp-content\/uploads\/2019\/09\/einrichtung2013-09_lbb.jpg 800w, https:\/\/www.kita-wichernhaus.de\/wp-content\/uploads\/2019\/09\/einrichtung2013-09_lbb-300x199.jpg 300w, https:\/\/www.kita-wichernhaus.de\/wp-content\/uploads\/2019\/09\/einrichtung2013-09_lbb-768x510.jpg 768w\" sizes=\"auto, (max-width: 800px) 85vw, 800px\" \/><\/figure><\/li><li class=\"blocks-gallery-item\"><figure><img loading=\"lazy\" decoding=\"async\" width=\"800\" height=\"533\" src=\"https:\/\/www.kita-wichernhaus.de\/wp-content\/uploads\/2019\/09\/einrichtung2013-14_lbb.jpg\" alt=\"\" data-id=\"1104\" data-link=\"http:\/\/wordpress.kita-wichernhaus.de\/?attachment_id=1104\" class=\"wp-image-1104\" srcset=\"https:\/\/www.kita-wichernhaus.de\/wp-content\/uploads\/2019\/09\/einrichtung2013-14_lbb.jpg 800w, https:\/\/www.kita-wichernhaus.de\/wp-content\/uploads\/2019\/09\/einrichtung2013-14_lbb-300x200.jpg 300w, https:\/\/www.kita-wichernhaus.de\/wp-content\/uploads\/2019\/09\/einrichtung2013-14_lbb-768x512.jpg 768w\" sizes=\"auto, (max-width: 800px) 85vw, 800px\" \/><\/figure><\/li><\/ul><\/figure>\n\n\n\n<p><br>Wir  m\u00f6chten Ihrem Kind eine Erg\u00e4nzung zu seiner Familie bieten und in  Zusammenarbeit mit Ihnen seine ganzheitliche F\u00f6rderung als Grundstein  f\u00fcr die Schule und das Leben eines jeden Kindes legen.<br><br>Ein  gleichberechtigtes Miteinander zwischen Ihren Kindern und uns ist uns  sehr wichtig und macht unseren Kindergarten zu einer freundschaftlichen  Umgebung, in der Ihr Kind uns vertrauen kann.<\/p>\n\n\n\n<h4 class=\"wp-block-heading\">LEITGEDANKE<\/h4>\n\n\n\n<p>Unser Leitbild ist unter Downloads zu finden.<\/p>\n","protected":false},"excerpt":{"rendered":"<p>Unser offenes Haus l\u00e4dt Menschen zum Reden, Lernen, Spielen, Zuh\u00f6ren, Lachen und vielen gemeinsamen Aktivit\u00e4ten ein. In unserer Kindertageseinrichtung erleben Sie 40 Kinder in zwei Gruppen, wie sie fr\u00f6hlich, freundlich und aufgeweckt miteinander ihre Kindheit von 2 bis 6 Jahren erleben. In der Planung unserer Arbeit richten wir unsere Ziele auf die ganzheitliche F\u00f6rderung der &hellip; <a href=\"https:\/\/www.kita-wichernhaus.de\/?page_id=18\" class=\"more-link\"><span class=\"screen-reader-text\">\u201eUnsere Kita\u201c <\/span>weiterlesen<\/a><\/p>\n","protected":false},"author":1,"featured_media":0,"parent":0,"menu_order":2,"comment_status":"closed","ping_status":"closed","template":"","meta":{"footnotes":""},"class_list":["post-18","page","type-page","status-publish","hentry"],"_links":{"self":[{"href":"https:\/\/www.kita-wichernhaus.de\/index.php?rest_route=\/wp\/v2\/pages\/18","targetHints":{"allow":["GET"]}}],"collection":[{"href":"https:\/\/www.kita-wichernhaus.de\/index.php?rest_route=\/wp\/v2\/pages"}],"about":[{"href":"https:\/\/www.kita-wichernhaus.de\/index.php?rest_route=\/wp\/v2\/types\/page"}],"author":[{"embeddable":true,"href":"https:\/\/www.kita-wichernhaus.de\/index.php?rest_route=\/wp\/v2\/users\/1"}],"replies":[{"embeddable":true,"href":"https:\/\/www.kita-wichernhaus.de\/index.php?rest_route=%2Fwp%2Fv2%2Fcomments&post=18"}],"version-history":[{"count":16,"href":"https:\/\/www.kita-wichernhaus.de\/index.php?rest_route=\/wp\/v2\/pages\/18\/revisions"}],"predecessor-version":[{"id":1827,"href":"https:\/\/www.kita-wichernhaus.de\/index.php?rest_route=\/wp\/v2\/pages\/18\/revisions\/1827"}],"wp:attachment":[{"href":"https:\/\/www.kita-wichernhaus.de\/index.php?rest_route=%2Fwp%2Fv2%2Fmedia&parent=18"}],"curies":[{"name":"wp","href":"https:\/\/api.w.org\/{rel}","templated":true}]}}