{"id":1367,"date":"2019-10-25T12:31:37","date_gmt":"2019-10-25T12:31:37","guid":{"rendered":"http:\/\/kita-wichernhaus.de\/?page_id=1367"},"modified":"2025-08-18T12:03:41","modified_gmt":"2025-08-18T10:03:41","slug":"herzlich-willkommen","status":"publish","type":"page","link":"https:\/\/www.kita-wichernhaus.de\/","title":{"rendered":"HERZLICH WILLKOMMEN"},"content":{"rendered":"\n<h2 class=\"wp-block-heading\">auf der Webseite der Ev. Kita Wichernhaus<\/h2>\n\n\n\n<p><\/p>\n\n\n\n<h6 class=\"wp-block-heading\">Liebe Erziehungsberechtigte und Besucher unserer Webseite<\/h6>\n\n\n\n<p>Wir m\u00f6chten Ihnen mit unserer Internetseite einen ersten  Einblick in die Arbeit unserer zweigruppigen Kindertageseinrichtung geben. Sie finden hier  alles \u00fcber das Team, erste Infos \u00fcber unsere p\u00e4dagogische Arbeit sowie eine  \u00dcbersicht unseres Angebotes. <\/p>\n\n\n\n<p>Selbstverst\u00e4ndlich k\u00f6nnen Sie auch  telefonisch Kontakt mit uns aufnehmen &#8211; wir beraten Sie gerne!<br><br><strong>Ihr Wichernhaus-Team<\/strong><\/p>\n\n\n\n<div class=\"wp-block-columns has-2-columns is-layout-flex wp-container-core-columns-is-layout-9d6595d7 wp-block-columns-is-layout-flex\">\n<div class=\"wp-block-column is-layout-flow wp-block-column-is-layout-flow\">\n<div class=\"wp-block-button aligncenter\"><a class=\"wp-block-button__link has-white-color has-dark-gray-background-color has-text-color has-background wp-element-button\" href=\"https:\/\/kita-wichernhaus.de\/?page_id=27\">Kontakt<\/a><\/div>\n\n\n\n<p><\/p>\n<\/div>\n\n\n\n<div class=\"wp-block-column is-layout-flow wp-block-column-is-layout-flow\">\n<div class=\"wp-block-button aligncenter\"><a class=\"wp-block-button__link wp-element-button\" href=\"https:\/\/kita-wichernhaus.de\/?page_id=33\">Elterninfo<\/a><\/div>\n\n\n\n<p><\/p>\n<\/div>\n<\/div>\n\n\n\n<h2 class=\"wp-block-heading has-text-align-center\">Termine<\/h2>\n\n\n\n<figure class=\"wp-block-table is-style-stripes\"><table><tbody><tr><td><strong>3.9.202<\/strong>5<\/td><td>Mini-Gottesdienst<\/td><td>vormittags<\/td><\/tr><tr><td><strong>4.9.202<\/strong>5<\/td><td>Waldtag Tiger<\/td><td>8 &#8211; 13 Uhr<\/td><\/tr><tr><td><strong>27.9.2025<\/strong><\/td><td>Gemeindefest<\/td><td><\/td><\/tr><tr><td><strong>Herbst<\/strong><\/td><td>Elternsprechtage B\u00e4ren<\/td><td>ganztags<\/td><\/tr><tr><td><strong>8.10.2025<\/strong><\/td><td>Minigottesdienst zu Erntedank<\/td><td>vormittags<\/td><\/tr><tr><td><strong>10.10.2025<\/strong><\/td><td>Erntedankfr\u00fchst\u00fcck  mit beiden Gruppen<\/td><td>vormittags<\/td><\/tr><tr><td><strong>12.10.2025<\/strong><\/td><td>Erntedankfamiliengottesdienst<\/td><td>11.00 Uhr<\/td><\/tr><tr><td><strong>5.11.2025<\/strong><\/td><td>Minigottesdienst<\/td><td>vormittags<\/td><\/tr><tr><td><strong>8.11.2025<\/strong><\/td><td>Laternenbasteln Elternaktion<\/td><td>9 &amp; 11 Uhr<\/td><\/tr><tr><td><strong>10.<\/strong>11<strong>.202<\/strong>5<\/td><td>Laternenfest zu St. Martin<\/td><td>17 Uhr<\/td><\/tr><tr><td><strong>12.11.2025<\/strong><\/td><td>Fototermin<\/td><td>ganztags<\/td><\/tr><tr><td><strong><strong>28.11.2025<\/strong><\/strong><\/td><td>Kita am Nachmittag geschlossen<\/td><td><\/td><\/tr><tr><td><strong>ab 1.12.2025<\/strong><\/td><td>Adventst\u00f6rchen &#8211; t\u00e4glich<\/td><td>vormittags<\/td><\/tr><tr><td><strong>3.12.2025<\/strong><\/td><td>Minigottesdienst<\/td><td>vormittags<\/td><\/tr><tr><td><strong>7.12.2025<\/strong><\/td><td>Adventsfamiliengottesdienst<\/td><td>11.00 Uhr<\/td><\/tr><tr><td><strong><strong>8.12.2025<\/strong><\/strong><\/td><td>Nikolausfeier<\/td><td>vormittags<\/td><\/tr><tr><td><strong>10.12.2025<\/strong><\/td><td>Minigottesdienst<\/td><td>vormittags<\/td><\/tr><tr><td><strong>12.12.2025<\/strong><\/td><td>Weihnachtszauber &#8211; Feier f\u00fcr alle Kita-Familien<\/td><td>16 Uhr<\/td><\/tr><tr><td><strong>17.12.2025<\/strong><\/td><td>Minigottesdienst<\/td><td>vormittags<\/td><\/tr><tr><td><strong>19.12.2025<\/strong><\/td><td>Weihnachtsfeier &amp; Bescherung<\/td><td>vormittags<\/td><\/tr><tr><td><strong>22.12.2025 &#8211; 2.1.2026<\/strong><\/td><td>Winterferien &#8211; Kita geschlossen<\/td><td><\/td><\/tr><tr><td><strong>19.1.202<\/strong>6<\/td><td>Konzeptionstag &#8211; Kita geschlossen<\/td><td><\/td><\/tr><\/tbody><\/table><\/figure>\n\n\n\n<p><\/p>\n","protected":false},"excerpt":{"rendered":"<p>auf der Webseite der Ev. Kita Wichernhaus Liebe Erziehungsberechtigte und Besucher unserer Webseite Wir m\u00f6chten Ihnen mit unserer Internetseite einen ersten Einblick in die Arbeit unserer zweigruppigen Kindertageseinrichtung geben. Sie finden hier alles \u00fcber das Team, erste Infos \u00fcber unsere p\u00e4dagogische Arbeit sowie eine \u00dcbersicht unseres Angebotes. Selbstverst\u00e4ndlich k\u00f6nnen Sie auch telefonisch Kontakt mit uns &hellip; <a href=\"https:\/\/www.kita-wichernhaus.de\/\" class=\"more-link\"><span class=\"screen-reader-text\">\u201eHERZLICH WILLKOMMEN\u201c <\/span>weiterlesen<\/a><\/p>\n","protected":false},"author":1,"featured_media":0,"parent":0,"menu_order":0,"comment_status":"closed","ping_status":"closed","template":"","meta":{"footnotes":""},"class_list":["post-1367","page","type-page","status-publish","hentry"],"_links":{"self":[{"href":"https:\/\/www.kita-wichernhaus.de\/index.php?rest_route=\/wp\/v2\/pages\/1367","targetHints":{"allow":["GET"]}}],"collection":[{"href":"https:\/\/www.kita-wichernhaus.de\/index.php?rest_route=\/wp\/v2\/pages"}],"about":[{"href":"https:\/\/www.kita-wichernhaus.de\/index.php?rest_route=\/wp\/v2\/types\/page"}],"author":[{"embeddable":true,"href":"https:\/\/www.kita-wichernhaus.de\/index.php?rest_route=\/wp\/v2\/users\/1"}],"replies":[{"embeddable":true,"href":"https:\/\/www.kita-wichernhaus.de\/index.php?rest_route=%2Fwp%2Fv2%2Fcomments&post=1367"}],"version-history":[{"count":23,"href":"https:\/\/www.kita-wichernhaus.de\/index.php?rest_route=\/wp\/v2\/pages\/1367\/revisions"}],"predecessor-version":[{"id":1844,"href":"https:\/\/www.kita-wichernhaus.de\/index.php?rest_route=\/wp\/v2\/pages\/1367\/revisions\/1844"}],"wp:attachment":[{"href":"https:\/\/www.kita-wichernhaus.de\/index.php?rest_route=%2Fwp%2Fv2%2Fmedia&parent=1367"}],"curies":[{"name":"wp","href":"https:\/\/api.w.org\/{rel}","templated":true}]}}