{"id":1288,"date":"2019-09-05T19:12:07","date_gmt":"2019-09-05T19:12:07","guid":{"rendered":"http:\/\/wordpress.kita-wichernhaus.de\/?page_id=1288"},"modified":"2025-03-20T13:19:17","modified_gmt":"2025-03-20T12:19:17","slug":"der-einstieg","status":"publish","type":"page","link":"https:\/\/www.kita-wichernhaus.de\/?page_id=1288","title":{"rendered":"Eingew\u00f6hnung"},"content":{"rendered":"\n<p>Die Eingew\u00f6hnungsphase mit Ihrem Kind planen wir nach unserem Eingew\u00f6hnungkonzept, das Sie im Bereich Download abrufen k\u00f6nnen.<\/p>\n\n\n\n<p>Den Start in die Kita sollten Sie ganz bewusst mit Ihrem Kind  vorbereiten. Erz\u00e4hlen Sie ihm vom Kindergarten, zeigen ihm schon vorher  das Geb\u00e4ude und Gel\u00e4nde. Eine einf\u00fchlsame Vorbereitung, aber auch  konsequentes Bewusstmachen des bevorstehenden Kindergarten-Startes macht es Ihrem Kind leichter, den ersten Tag offener anzugehen.<br><br>Mit Hilfe von Hospitationsvormittagen, einem Elternabend und einem Info-Nachmittag, zu dem Sie von unseren Kita-Eltern eingeladen werden, finden Sie sicher Antworten auf all Ihre Fragen und Sorgen vor Beginn der Kita-Zeit.<\/p>\n\n\n\n<p>Und wenn es dann losgeht, sollten Sie die  vielen Eindr\u00fccke in der ersten Zeit sollten Sie nicht untersch\u00e4tzen:  Neue Menschen, neue R\u00e4umlichkeiten und Abl\u00e4ufe; die vielen anderen und  gro\u00dfen Kinder und die Gruppensituation \u2013 mit all dem m\u00fcssen sich unsere  kleinen Kindergarten-Anf\u00e4nger auseinandersetzen. Ein sanfter Einstieg  ist sinnvoll, das hei\u00dft, in den ersten Tagen schauen wir genau,  wieviel Zeit f\u00fcr Ihr Kind in der Kita ausreicht. Direkt von Beginn an eine Betreuung f\u00fcr den ganzen Tag mit Essen und Mittagsschlaf in Anspruch zu nehmen ist nicht m\u00f6glich.<\/p>\n\n\n\n<div class=\"wp-block-image\"><figure class=\"alignright\"><a href=\"https:\/\/www.kita-wichernhaus.de\/images\/einstieg1-600.jpg\" target=\"_blank\" rel=\"noreferrer noopener\"><img decoding=\"async\" src=\"https:\/\/www.kita-wichernhaus.de\/images\/einstieg1-600_160.jpg\" alt=\"\"\/><\/a><\/figure><\/div>\n\n\n\n<p> Sind Ihre Kleinen hier bei uns erstmal gestartet, zeigen  sich die \u00e4lteren Kinder sehr hilfsbereit und einf\u00fchlsam \u2013 auch IHR  Trennungsschmerz ist ihnen ja noch sehr gut in Erinnerung. Der  Kindergartenalltag beinhaltet dann zun\u00e4chst viele Kennenlernspiele und  Kleingruppenaktionen, zudem viele kurze Gespr\u00e4ch zwischen Ihnen und dem  Team, um das Befinden Ihres Kind regelm\u00e4\u00dfig zu reflektieren.<br><br>Dann  geht pl\u00f6tzlich alles fast von allein: Ihr Kind findet oder hat schon  einen Freund, legt schnell seine Vorlieben beim Spielmaterial fest und  geh\u00f6rt beinahe wie von selbst dazu.<br><br><strong>Wir freuen uns auf jeden neuen Wichernhaus-Besucher \u2013 herzlich Willkommen! <\/strong><\/p>\n","protected":false},"excerpt":{"rendered":"<p>Die Eingew\u00f6hnungsphase mit Ihrem Kind planen wir nach unserem Eingew\u00f6hnungkonzept, das Sie im Bereich Download abrufen k\u00f6nnen. Den Start in die Kita sollten Sie ganz bewusst mit Ihrem Kind vorbereiten. Erz\u00e4hlen Sie ihm vom Kindergarten, zeigen ihm schon vorher das Geb\u00e4ude und Gel\u00e4nde. Eine einf\u00fchlsame Vorbereitung, aber auch konsequentes Bewusstmachen des bevorstehenden Kindergarten-Startes macht es &hellip; <a href=\"https:\/\/www.kita-wichernhaus.de\/?page_id=1288\" class=\"more-link\"><span class=\"screen-reader-text\">\u201eEingew\u00f6hnung\u201c <\/span>weiterlesen<\/a><\/p>\n","protected":false},"author":1,"featured_media":0,"parent":33,"menu_order":1,"comment_status":"closed","ping_status":"closed","template":"","meta":{"footnotes":""},"class_list":["post-1288","page","type-page","status-publish","hentry"],"_links":{"self":[{"href":"https:\/\/www.kita-wichernhaus.de\/index.php?rest_route=\/wp\/v2\/pages\/1288","targetHints":{"allow":["GET"]}}],"collection":[{"href":"https:\/\/www.kita-wichernhaus.de\/index.php?rest_route=\/wp\/v2\/pages"}],"about":[{"href":"https:\/\/www.kita-wichernhaus.de\/index.php?rest_route=\/wp\/v2\/types\/page"}],"author":[{"embeddable":true,"href":"https:\/\/www.kita-wichernhaus.de\/index.php?rest_route=\/wp\/v2\/users\/1"}],"replies":[{"embeddable":true,"href":"https:\/\/www.kita-wichernhaus.de\/index.php?rest_route=%2Fwp%2Fv2%2Fcomments&post=1288"}],"version-history":[{"count":10,"href":"https:\/\/www.kita-wichernhaus.de\/index.php?rest_route=\/wp\/v2\/pages\/1288\/revisions"}],"predecessor-version":[{"id":1837,"href":"https:\/\/www.kita-wichernhaus.de\/index.php?rest_route=\/wp\/v2\/pages\/1288\/revisions\/1837"}],"up":[{"embeddable":true,"href":"https:\/\/www.kita-wichernhaus.de\/index.php?rest_route=\/wp\/v2\/pages\/33"}],"wp:attachment":[{"href":"https:\/\/www.kita-wichernhaus.de\/index.php?rest_route=%2Fwp%2Fv2%2Fmedia&parent=1288"}],"curies":[{"name":"wp","href":"https:\/\/api.w.org\/{rel}","templated":true}]}}