{"id":1282,"date":"2019-09-05T19:12:07","date_gmt":"2019-09-05T19:12:07","guid":{"rendered":"http:\/\/wordpress.kita-wichernhaus.de\/?page_id=1282"},"modified":"2025-03-18T09:06:53","modified_gmt":"2025-03-18T08:06:53","slug":"die-anmeldung","status":"publish","type":"page","link":"https:\/\/www.kita-wichernhaus.de\/?page_id=1282","title":{"rendered":"Anmeldung"},"content":{"rendered":"\n<p><strong>Sie m\u00f6chten Ihr Kind in unserer Kindertageseinrichtung anmelden? <br>Wir freuen uns und sind gerne f\u00fcr Sie da!<\/strong><br><br>F\u00fcr alle Kitas in Ennepetal nehmen Sie Ihre Anmeldung \u00fcber den Kita-Navigator der Stadt Ennepetal vor. Unter <a href=\"https:\/\/ennepetal.kita-navigator.org\/\" data-type=\"URL\" data-id=\"https:\/\/ennepetal.kita-navigator.org\/\">https:\/\/ennepetal.kita-navigator.org\/<\/a> k\u00f6nnen Sie uns &#8211; wie auch andere Kitas &#8211; ausw\u00e4hlen und sich so vormerken lassen. Bevor es zur Aufnahme Ihres Kindes bei uns kommt, werden Sie zu einem Informationsnachmittag eingeladen, an dem wir Ihnen von unserer Kita berichten und Ihnen Ihre Fragen beantworten.  Dieser Info-Tag findet samstags im Herbst <strong>vor der im darauffolgenden Jahr geplanten Aufnahme im August<\/strong> statt.<\/p>\n\n\n\n<p>WICHTIG: Ihre Anmeldung muss jeweils bis zum 30.11. f\u00fcr die Aufnahme im darauffolgenden Jahr im Navigator eingetragen sein. Bitte achten Sie darauf, dass bis dahin alle Angeben aktuell sind (Adresse, Konfession etc.)<\/p>\n\n\n\n<p>Wenn Sie uns vorab und au\u00dferhalb des Info-Tages sprechen m\u00f6chten, rufen Sie uns gerne an. Sie  erreichen uns telefonisch unter 02333 &#8211; 70049 oder auch gerne  per E-Mail, wir rufen Sie dann umgehend  zur\u00fcck. <br><br><a rel=\"noreferrer noopener\" aria-label=\" (\u00f6ffnet in neuem Tab)\" href=\"https:\/\/www.kita-wichernhaus.de\/kontakt\/index.html\" target=\"_blank\">Zur Kontaktseite.<\/a><\/p>\n\n\n\n<p><strong>Wir bieten momentan folgende Buchungszeiten an:<\/strong><\/p>\n\n\n\n<figure class=\"wp-block-table is-style-stripes\"><table><tbody><tr><td><strong>Buchungszeit<\/strong>\t  \t  <\/td><td><strong>T\u00e4glich:<\/strong> <\/td><td><strong>Zeitraum:<\/strong>      <\/td><td><strong>Verpflegung:<\/strong>      <\/td><\/tr><tr><td><\/td><td>      <\/td><td>   <\/td><td>\n\t\t      \t        &nbsp;\t  \t  <\/td><\/tr><tr><td>35 Wochenstunden <br>geteilt     <\/td><td>7 Std.      <\/td><td>07.00 &#8211; 12.00 Uhr<br>14.00 &#8211; 16.30 Uhr       <\/td><td>ohne <br>Mittagessen         &nbsp;      <\/td><\/tr><tr><td> 35 Wochenstunden <br>im Block      <\/td><td>7 Std.      <\/td><td>07.00 &#8211;  14.00 Uhr       <\/td><td>mit <br>Mittagessen<\/td><\/tr><tr><td>  45 Wochenstunden      <\/td><td>9 Std.      <\/td><td>07.00 &#8211; 16.30 Uhr       <\/td><td>mit <br>Mittagessen <\/td><\/tr><\/tbody><\/table><\/figure>\n\n\n\n<p>Die freien Kapazit\u00e4ten der einzelnen Buchungszeiten  h\u00e4ngen von der bestehenden Gruppenstruktur ab, diese wird j\u00e4hrlich mit dem \u00f6rtlichen Jugendamt abgestimmt.<br><br>Alle Block- (35 Std.) und Tageskinder (45 Std.) erhalten t\u00e4glich ein kostenpflichtiges, warmes  Mittagessen inkl. Nachtisch. Die Abrechnung f\u00fcr das Essen erhalten die Eltern monatlich und erfolgt per Einzug \u00fcber das f\u00fcr uns zust\u00e4ndige Kreiskirchenamt.<br><br>Ihre Anmeldung ist zun\u00e4chst unverbindlich, schauen Sie sich auch gerne andere Einrichtungen an und entscheiden in Ruhe, was f\u00fcr Ihr Kind am besten ist.<\/p>\n\n\n\n<h4 class=\"wp-block-heading\"><strong>Die Aufnahmekriterien<\/strong><\/h4>\n\n\n\n<p>Das  Kindergartenjahr und damit die Kindergartenzeit f\u00fcr Ihr Kind beginnen  am 1. August eines jeden Jahres. Die Platzvergabe erfolgt zu  Jahresbeginn schriftlich zum 15. Januar \u2013 dieses Datum gilt f\u00fcr alle  Ennepetaler Kindertageseinrichtungen \u2013 und erfolgt bei uns durch ein  transparentes Punktesystem, \u00fcber das j\u00e4hrlich vom Kita-Beirat beraten  und abgestimmt wird. Informationen hierzu geben wir Ihnen gerne &#8211; rufen Sie uns an!<\/p>\n\n\n\n<p><strong>Es ist soweit: Ein Platz f\u00fcr Ihr Kind!<br><br><\/strong>Wenn  wir diese Vergabeverfahren angewendet und Ihnen im besten Fall Ihre  Zusage geschickt haben, k\u00f6nnen Sie diese innerhalb einer Woche  best\u00e4tigen. Ebenso teilen wir Ihnen dann mit, ob wir Ihnen Ihre  gew\u00fcnschte Buchungszeit oder ihnen eine Alternative anbieten werden.  Ihre Anmeldung bleibt bis zur Unterzeichnung des Betreuungsvertrags unterverbindlich. <br><br>Dann f\u00e4llt der  Startschuss f\u00fcr eine hoffentlich gute Zusammenarbeit und eine sch\u00f6ne  Kindergartenzeit f\u00fcr Ihr Kind! Wenn Sie Fragen haben, helfen wir Ihnen  gerne jederzeit weiter.<\/p>\n","protected":false},"excerpt":{"rendered":"<p>Sie m\u00f6chten Ihr Kind in unserer Kindertageseinrichtung anmelden? Wir freuen uns und sind gerne f\u00fcr Sie da! F\u00fcr alle Kitas in Ennepetal nehmen Sie Ihre Anmeldung \u00fcber den Kita-Navigator der Stadt Ennepetal vor. Unter https:\/\/ennepetal.kita-navigator.org\/ k\u00f6nnen Sie uns &#8211; wie auch andere Kitas &#8211; ausw\u00e4hlen und sich so vormerken lassen. Bevor es zur Aufnahme Ihres &hellip; <a href=\"https:\/\/www.kita-wichernhaus.de\/?page_id=1282\" class=\"more-link\"><span class=\"screen-reader-text\">\u201eAnmeldung\u201c <\/span>weiterlesen<\/a><\/p>\n","protected":false},"author":1,"featured_media":0,"parent":33,"menu_order":0,"comment_status":"closed","ping_status":"closed","template":"","meta":{"footnotes":""},"class_list":["post-1282","page","type-page","status-publish","hentry"],"_links":{"self":[{"href":"https:\/\/www.kita-wichernhaus.de\/index.php?rest_route=\/wp\/v2\/pages\/1282","targetHints":{"allow":["GET"]}}],"collection":[{"href":"https:\/\/www.kita-wichernhaus.de\/index.php?rest_route=\/wp\/v2\/pages"}],"about":[{"href":"https:\/\/www.kita-wichernhaus.de\/index.php?rest_route=\/wp\/v2\/types\/page"}],"author":[{"embeddable":true,"href":"https:\/\/www.kita-wichernhaus.de\/index.php?rest_route=\/wp\/v2\/users\/1"}],"replies":[{"embeddable":true,"href":"https:\/\/www.kita-wichernhaus.de\/index.php?rest_route=%2Fwp%2Fv2%2Fcomments&post=1282"}],"version-history":[{"count":12,"href":"https:\/\/www.kita-wichernhaus.de\/index.php?rest_route=\/wp\/v2\/pages\/1282\/revisions"}],"predecessor-version":[{"id":1768,"href":"https:\/\/www.kita-wichernhaus.de\/index.php?rest_route=\/wp\/v2\/pages\/1282\/revisions\/1768"}],"up":[{"embeddable":true,"href":"https:\/\/www.kita-wichernhaus.de\/index.php?rest_route=\/wp\/v2\/pages\/33"}],"wp:attachment":[{"href":"https:\/\/www.kita-wichernhaus.de\/index.php?rest_route=%2Fwp%2Fv2%2Fmedia&parent=1282"}],"curies":[{"name":"wp","href":"https:\/\/api.w.org\/{rel}","templated":true}]}}