{"id":1258,"date":"2019-09-05T17:53:38","date_gmt":"2019-09-05T15:53:38","guid":{"rendered":"http:\/\/wordpress.kita-wichernhaus.de\/?page_id=1258"},"modified":"2025-03-20T11:26:33","modified_gmt":"2025-03-20T10:26:33","slug":"religionspaedagogik","status":"publish","type":"page","link":"https:\/\/www.kita-wichernhaus.de\/?page_id=1258","title":{"rendered":"Religionsp\u00e4dagogik"},"content":{"rendered":"\n<figure class=\"wp-block-gallery columns-2 is-cropped wp-block-gallery-1 is-layout-flex wp-block-gallery-is-layout-flex\"><ul class=\"blocks-gallery-grid\"><li class=\"blocks-gallery-item\"><figure><img loading=\"lazy\" decoding=\"async\" width=\"1024\" height=\"1024\" src=\"https:\/\/www.kita-wichernhaus.de\/wp-content\/uploads\/2024\/01\/miniGodie1-1024x1024.jpg\" alt=\"\" data-id=\"1668\" data-full-url=\"https:\/\/www.kita-wichernhaus.de\/wp-content\/uploads\/2024\/01\/miniGodie1-scaled.jpg\" data-link=\"https:\/\/www.kita-wichernhaus.de\/?attachment_id=1668\" class=\"wp-image-1668\" srcset=\"https:\/\/www.kita-wichernhaus.de\/wp-content\/uploads\/2024\/01\/miniGodie1-1024x1024.jpg 1024w, https:\/\/www.kita-wichernhaus.de\/wp-content\/uploads\/2024\/01\/miniGodie1-300x300.jpg 300w, https:\/\/www.kita-wichernhaus.de\/wp-content\/uploads\/2024\/01\/miniGodie1-150x150.jpg 150w, https:\/\/www.kita-wichernhaus.de\/wp-content\/uploads\/2024\/01\/miniGodie1-768x768.jpg 768w, https:\/\/www.kita-wichernhaus.de\/wp-content\/uploads\/2024\/01\/miniGodie1-1536x1536.jpg 1536w, https:\/\/www.kita-wichernhaus.de\/wp-content\/uploads\/2024\/01\/miniGodie1-2048x2048.jpg 2048w, https:\/\/www.kita-wichernhaus.de\/wp-content\/uploads\/2024\/01\/miniGodie1-1200x1200.jpg 1200w\" sizes=\"auto, (max-width: 709px) 85vw, (max-width: 909px) 67vw, (max-width: 1362px) 62vw, 840px\" \/><figcaption class=\"blocks-gallery-item__caption\">Der wundersame Fischfang<\/figcaption><\/figure><\/li><li class=\"blocks-gallery-item\"><figure><img loading=\"lazy\" decoding=\"async\" width=\"889\" height=\"1024\" src=\"https:\/\/www.kita-wichernhaus.de\/wp-content\/uploads\/2025\/03\/erntedank_mini2024-889x1024.jpg\" alt=\"\" data-id=\"1818\" data-full-url=\"https:\/\/www.kita-wichernhaus.de\/wp-content\/uploads\/2025\/03\/erntedank_mini2024-scaled.jpg\" data-link=\"https:\/\/www.kita-wichernhaus.de\/?attachment_id=1818\" class=\"wp-image-1818\" srcset=\"https:\/\/www.kita-wichernhaus.de\/wp-content\/uploads\/2025\/03\/erntedank_mini2024-889x1024.jpg 889w, https:\/\/www.kita-wichernhaus.de\/wp-content\/uploads\/2025\/03\/erntedank_mini2024-261x300.jpg 261w, https:\/\/www.kita-wichernhaus.de\/wp-content\/uploads\/2025\/03\/erntedank_mini2024-768x884.jpg 768w, https:\/\/www.kita-wichernhaus.de\/wp-content\/uploads\/2025\/03\/erntedank_mini2024-1334x1536.jpg 1334w, https:\/\/www.kita-wichernhaus.de\/wp-content\/uploads\/2025\/03\/erntedank_mini2024-1779x2048.jpg 1779w, https:\/\/www.kita-wichernhaus.de\/wp-content\/uploads\/2025\/03\/erntedank_mini2024-1200x1382.jpg 1200w\" sizes=\"auto, (max-width: 709px) 85vw, (max-width: 909px) 67vw, (max-width: 1362px) 62vw, 840px\" \/><figcaption class=\"blocks-gallery-item__caption\">Alles w\u00e4chst&#8230; wir legen einen Apfelbaum<\/figcaption><\/figure><\/li><\/ul><\/figure>\n\n\n\n<p><\/p>\n\n\n\n<p>Den Evangelischen Glauben zu leben bedeutet f\u00fcr uns, ein  tolerantes Miteinander, bei dem wir jeden in seiner Pers\u00f6nlichkeit  annehmen und bejahen. Wir m\u00f6chten mit den Kindern Freude am Leben mit Gott erfahren und dabei ein jedes unserer Kindergartenkinder als eines  seiner wertvollsten Geschenke achten. <\/p>\n\n\n\n<figure class=\"wp-block-gallery columns-2 is-cropped wp-block-gallery-2 is-layout-flex wp-block-gallery-is-layout-flex\"><ul class=\"blocks-gallery-grid\"><li class=\"blocks-gallery-item\"><figure><img loading=\"lazy\" decoding=\"async\" width=\"768\" height=\"1024\" src=\"https:\/\/www.kita-wichernhaus.de\/wp-content\/uploads\/2025\/03\/IMG_2446-768x1024.jpg\" alt=\"\" data-id=\"1816\" data-full-url=\"https:\/\/www.kita-wichernhaus.de\/wp-content\/uploads\/2025\/03\/IMG_2446-rotated.jpg\" data-link=\"https:\/\/www.kita-wichernhaus.de\/?attachment_id=1816\" class=\"wp-image-1816\" srcset=\"https:\/\/www.kita-wichernhaus.de\/wp-content\/uploads\/2025\/03\/IMG_2446-768x1024.jpg 768w, https:\/\/www.kita-wichernhaus.de\/wp-content\/uploads\/2025\/03\/IMG_2446-225x300.jpg 225w, https:\/\/www.kita-wichernhaus.de\/wp-content\/uploads\/2025\/03\/IMG_2446-1152x1536.jpg 1152w, https:\/\/www.kita-wichernhaus.de\/wp-content\/uploads\/2025\/03\/IMG_2446-1200x1600.jpg 1200w, https:\/\/www.kita-wichernhaus.de\/wp-content\/uploads\/2025\/03\/IMG_2446-rotated.jpg 1512w\" sizes=\"auto, (max-width: 768px) 85vw, 768px\" \/><figcaption class=\"blocks-gallery-item__caption\">Ostern<\/figcaption><\/figure><\/li><li class=\"blocks-gallery-item\"><figure><img loading=\"lazy\" decoding=\"async\" width=\"768\" height=\"1024\" src=\"https:\/\/www.kita-wichernhaus.de\/wp-content\/uploads\/2025\/03\/Glueck-2-768x1024.jpeg\" alt=\"\" data-id=\"1817\" data-full-url=\"https:\/\/www.kita-wichernhaus.de\/wp-content\/uploads\/2025\/03\/Glueck-2-scaled.jpeg\" data-link=\"https:\/\/www.kita-wichernhaus.de\/?attachment_id=1817\" class=\"wp-image-1817\" srcset=\"https:\/\/www.kita-wichernhaus.de\/wp-content\/uploads\/2025\/03\/Glueck-2-768x1024.jpeg 768w, https:\/\/www.kita-wichernhaus.de\/wp-content\/uploads\/2025\/03\/Glueck-2-225x300.jpeg 225w, https:\/\/www.kita-wichernhaus.de\/wp-content\/uploads\/2025\/03\/Glueck-2-1152x1536.jpeg 1152w, https:\/\/www.kita-wichernhaus.de\/wp-content\/uploads\/2025\/03\/Glueck-2-1536x2048.jpeg 1536w, https:\/\/www.kita-wichernhaus.de\/wp-content\/uploads\/2025\/03\/Glueck-2-1200x1600.jpeg 1200w, https:\/\/www.kita-wichernhaus.de\/wp-content\/uploads\/2025\/03\/Glueck-2-scaled.jpeg 1920w\" sizes=\"auto, (max-width: 768px) 85vw, 768px\" \/><figcaption class=\"blocks-gallery-item__caption\">Ein Minigottesdienst zum Thema Gl\u00fcck<\/figcaption><\/figure><\/li><\/ul><\/figure>\n\n\n\n<p><\/p>\n\n\n\n<p>Wir laden alle Kinder etwa monatlich und anl\u00e4sslich der jahreszeitliche stattfindenden Fest zu Mini-Gottediensten ein. Das Erz\u00e4hlen biblischer Geschichten geschieht bei uns auf verschiendene Weise, so legen wir Bodenbilder, spielen den Kinder kleine Anspiele vor oder zeigen Bilder-Shows \u00fcber den Beamer. Das erm\u00f6glicht den Kindern vilef\u00e4ltigen Zugang  zum Glauben und ist imme rvrebunden mit einer Mitmachaktion. So wachsen sie in die Gemeinde hinein und erleben Gemeindehaus nebenan als vertraute Umgebung.<br><\/p>\n\n\n\n<p>Mit kleinen Ritualen und Liedern stellen wir den Kindern in unserem Kita-Alltag eine Basis f\u00fcr ihre Glaubensfindung zur Verf\u00fcgung. <\/p>\n\n\n\n<figure class=\"wp-block-gallery columns-2 is-cropped wp-block-gallery-3 is-layout-flex wp-block-gallery-is-layout-flex\"><ul class=\"blocks-gallery-grid\"><li class=\"blocks-gallery-item\"><figure><img loading=\"lazy\" decoding=\"async\" width=\"1024\" height=\"1024\" src=\"https:\/\/www.kita-wichernhaus.de\/wp-content\/uploads\/2024\/01\/miniGodie2-1024x1024.jpg\" alt=\"\" data-id=\"1669\" data-full-url=\"https:\/\/www.kita-wichernhaus.de\/wp-content\/uploads\/2024\/01\/miniGodie2-scaled.jpg\" data-link=\"https:\/\/www.kita-wichernhaus.de\/?attachment_id=1669\" class=\"wp-image-1669\" srcset=\"https:\/\/www.kita-wichernhaus.de\/wp-content\/uploads\/2024\/01\/miniGodie2-1024x1024.jpg 1024w, https:\/\/www.kita-wichernhaus.de\/wp-content\/uploads\/2024\/01\/miniGodie2-300x300.jpg 300w, https:\/\/www.kita-wichernhaus.de\/wp-content\/uploads\/2024\/01\/miniGodie2-150x150.jpg 150w, https:\/\/www.kita-wichernhaus.de\/wp-content\/uploads\/2024\/01\/miniGodie2-768x768.jpg 768w, https:\/\/www.kita-wichernhaus.de\/wp-content\/uploads\/2024\/01\/miniGodie2-1536x1536.jpg 1536w, https:\/\/www.kita-wichernhaus.de\/wp-content\/uploads\/2024\/01\/miniGodie2-2048x2048.jpg 2048w, https:\/\/www.kita-wichernhaus.de\/wp-content\/uploads\/2024\/01\/miniGodie2-1200x1200.jpg 1200w\" sizes=\"auto, (max-width: 709px) 85vw, (max-width: 909px) 67vw, (max-width: 1362px) 62vw, 840px\" \/><figcaption class=\"blocks-gallery-item__caption\">Unser Freundschaftsnetz mit Jesus<\/figcaption><\/figure><\/li><li class=\"blocks-gallery-item\"><figure><img loading=\"lazy\" decoding=\"async\" width=\"1024\" height=\"768\" src=\"https:\/\/www.kita-wichernhaus.de\/wp-content\/uploads\/2022\/03\/image2-1024x768.jpeg\" alt=\"\" data-id=\"1600\" data-full-url=\"https:\/\/www.kita-wichernhaus.de\/wp-content\/uploads\/2022\/03\/image2.jpeg\" data-link=\"https:\/\/www.kita-wichernhaus.de\/?attachment_id=1600\" class=\"wp-image-1600\" srcset=\"https:\/\/www.kita-wichernhaus.de\/wp-content\/uploads\/2022\/03\/image2-1024x768.jpeg 1024w, https:\/\/www.kita-wichernhaus.de\/wp-content\/uploads\/2022\/03\/image2-300x225.jpeg 300w, https:\/\/www.kita-wichernhaus.de\/wp-content\/uploads\/2022\/03\/image2-768x576.jpeg 768w, https:\/\/www.kita-wichernhaus.de\/wp-content\/uploads\/2022\/03\/image2-1536x1152.jpeg 1536w, https:\/\/www.kita-wichernhaus.de\/wp-content\/uploads\/2022\/03\/image2-1200x900.jpeg 1200w, https:\/\/www.kita-wichernhaus.de\/wp-content\/uploads\/2022\/03\/image2.jpeg 1600w\" sizes=\"auto, (max-width: 709px) 85vw, (max-width: 909px) 67vw, (max-width: 1362px) 62vw, 840px\" \/><figcaption class=\"blocks-gallery-item__caption\">Die Arche Noah<\/figcaption><\/figure><\/li><\/ul><\/figure>\n","protected":false},"excerpt":{"rendered":"<p>Den Evangelischen Glauben zu leben bedeutet f\u00fcr uns, ein tolerantes Miteinander, bei dem wir jeden in seiner Pers\u00f6nlichkeit annehmen und bejahen. Wir m\u00f6chten mit den Kindern Freude am Leben mit Gott erfahren und dabei ein jedes unserer Kindergartenkinder als eines seiner wertvollsten Geschenke achten. Wir laden alle Kinder etwa monatlich und anl\u00e4sslich der jahreszeitliche stattfindenden &hellip; <a href=\"https:\/\/www.kita-wichernhaus.de\/?page_id=1258\" class=\"more-link\"><span class=\"screen-reader-text\">\u201eReligionsp\u00e4dagogik\u201c <\/span>weiterlesen<\/a><\/p>\n","protected":false},"author":1,"featured_media":0,"parent":0,"menu_order":4,"comment_status":"closed","ping_status":"closed","template":"","meta":{"footnotes":""},"class_list":["post-1258","page","type-page","status-publish","hentry"],"_links":{"self":[{"href":"https:\/\/www.kita-wichernhaus.de\/index.php?rest_route=\/wp\/v2\/pages\/1258","targetHints":{"allow":["GET"]}}],"collection":[{"href":"https:\/\/www.kita-wichernhaus.de\/index.php?rest_route=\/wp\/v2\/pages"}],"about":[{"href":"https:\/\/www.kita-wichernhaus.de\/index.php?rest_route=\/wp\/v2\/types\/page"}],"author":[{"embeddable":true,"href":"https:\/\/www.kita-wichernhaus.de\/index.php?rest_route=\/wp\/v2\/users\/1"}],"replies":[{"embeddable":true,"href":"https:\/\/www.kita-wichernhaus.de\/index.php?rest_route=%2Fwp%2Fv2%2Fcomments&post=1258"}],"version-history":[{"count":7,"href":"https:\/\/www.kita-wichernhaus.de\/index.php?rest_route=\/wp\/v2\/pages\/1258\/revisions"}],"predecessor-version":[{"id":1819,"href":"https:\/\/www.kita-wichernhaus.de\/index.php?rest_route=\/wp\/v2\/pages\/1258\/revisions\/1819"}],"wp:attachment":[{"href":"https:\/\/www.kita-wichernhaus.de\/index.php?rest_route=%2Fwp%2Fv2%2Fmedia&parent=1258"}],"curies":[{"name":"wp","href":"https:\/\/api.w.org\/{rel}","templated":true}]}}